{"id":7235,"date":"2021-11-15T10:17:19","date_gmt":"2021-11-15T09:17:19","guid":{"rendered":"http:\/\/pdc.eyescom.fr?page_id=7235"},"modified":"2025-10-31T09:13:10","modified_gmt":"2025-10-31T08:13:10","slug":"engagements","status":"publish","type":"page","link":"https:\/\/www.pucesducanal.com\/fr\/engagements\/","title":{"rendered":"Engagements"},"content":{"rendered":"\t\t<div data-elementor-type=\"wp-page\" data-elementor-id=\"7235\" class=\"elementor elementor-7235\">\n\t\t\t\t<div class=\"elementor-element elementor-element-48f7411 e-con-full e-flex e-con e-parent\" data-id=\"48f7411\" data-element_type=\"container\" data-e-type=\"container\" data-settings=\"{&quot;background_background&quot;:&quot;classic&quot;}\">\n\t\t\t\t<\/div>\n\t\t<div class=\"elementor-element elementor-element-0d7881c e-flex e-con-boxed e-con e-parent\" data-id=\"0d7881c\" data-element_type=\"container\" data-e-type=\"container\">\n\t\t\t\t\t<div class=\"e-con-inner\">\n\t\t\t\t<div class=\"elementor-element elementor-element-7e4f4c0 elementor-widget elementor-widget-heading\" data-id=\"7e4f4c0\" data-element_type=\"widget\" data-e-type=\"widget\" data-widget_type=\"heading.default\">\n\t\t\t\t<div class=\"elementor-widget-container\">\n\t\t\t\t\t<h2 class=\"elementor-heading-title elementor-size-default\">Nos engagements\n<\/h2>\t\t\t\t<\/div>\n\t\t\t\t<\/div>\n\t\t\t\t<div class=\"elementor-element elementor-element-fe14268 elementor-widget elementor-widget-text-editor\" data-id=\"fe14268\" data-element_type=\"widget\" data-e-type=\"widget\" data-widget_type=\"text-editor.default\">\n\t\t\t\t<div class=\"elementor-widget-container\">\n\t\t\t\t\t\t\t\t\t<h3>Environnementaux<\/h3><p>Les Puces du Canal soucieuses de l\u2019environnement r\u00e9pondent aujourd\u2019hui aux pr\u00e9occupations de consommer diff\u00e9remment de fa\u00e7on \u00e9thique et responsable. En effet, l\u2019activit\u00e9 des Puces du Canal se veut inscrite naturellement dans des logiques d\u2019\u00e9conomie circulaire minimisant le gaspillage, puisque la mission premi\u00e8re est de donner une seconde vie \u00e0 des objets. Ainsi, les Puces souhaitent impulser une dynamique \u00e9conomique sur le territoire Villeurbannais en pr\u00f4nant des valeurs positives.<\/p>\t\t\t\t\t\t\t\t<\/div>\n\t\t\t\t<\/div>\n\t\t\t\t\t<\/div>\n\t\t\t\t<\/div>\n\t\t<div class=\"elementor-element elementor-element-204d5a3 e-flex e-con-boxed e-con e-parent\" data-id=\"204d5a3\" data-element_type=\"container\" data-e-type=\"container\">\n\t\t\t\t\t<div class=\"e-con-inner\">\n\t\t<div class=\"elementor-element elementor-element-29d49cd e-con-full e-flex e-con e-child\" data-id=\"29d49cd\" data-element_type=\"container\" data-e-type=\"container\">\n\t\t\t\t<div class=\"elementor-element elementor-element-9df2f3f elementor-position-top elementor-widget elementor-widget-image-box\" data-id=\"9df2f3f\" data-element_type=\"widget\" data-e-type=\"widget\" data-widget_type=\"image-box.default\">\n\t\t\t\t<div class=\"elementor-widget-container\">\n\t\t\t\t\t<div class=\"elementor-image-box-wrapper\"><figure class=\"elementor-image-box-img\"><img fetchpriority=\"high\" decoding=\"async\" width=\"2133\" height=\"2560\" src=\"https:\/\/www.pucesducanal.com\/wp-content\/uploads\/2021\/11\/mobilite\u0301-douce-scaled.jpg\" class=\"attachment-full size-full wp-image-7248\" alt=\"\" srcset=\"https:\/\/www.pucesducanal.com\/wp-content\/uploads\/2021\/11\/mobilite\u0301-douce-scaled.jpg 2133w, https:\/\/www.pucesducanal.com\/wp-content\/uploads\/2021\/11\/mobilite\u0301-douce-250x300.jpg 250w, https:\/\/www.pucesducanal.com\/wp-content\/uploads\/2021\/11\/mobilite\u0301-douce-853x1024.jpg 853w\" sizes=\"(max-width: 2133px) 100vw, 2133px\" \/><\/figure><div class=\"elementor-image-box-content\"><h3 class=\"elementor-image-box-title\">Mobilit\u00e9 douce<\/h3><p class=\"elementor-image-box-description\">Mise \u00e0 disposition pour nos visiteurs de parkings v\u00e9lo, ainsi qu\u2019une proximit\u00e9 avec les transports en commun.<\/p><\/div><\/div>\t\t\t\t<\/div>\n\t\t\t\t<\/div>\n\t\t\t\t<\/div>\n\t\t<div class=\"elementor-element elementor-element-0eb9a95 e-con-full e-flex e-con e-child\" data-id=\"0eb9a95\" data-element_type=\"container\" data-e-type=\"container\">\n\t\t\t\t<div class=\"elementor-element elementor-element-4cdc69d elementor-position-top elementor-widget elementor-widget-image-box\" data-id=\"4cdc69d\" data-element_type=\"widget\" data-e-type=\"widget\" data-widget_type=\"image-box.default\">\n\t\t\t\t<div class=\"elementor-widget-container\">\n\t\t\t\t\t<div class=\"elementor-image-box-wrapper\"><figure class=\"elementor-image-box-img\"><img decoding=\"async\" width=\"2133\" height=\"2560\" src=\"https:\/\/www.pucesducanal.com\/wp-content\/uploads\/2021\/11\/circuit-court-scaled.jpg\" class=\"attachment-full size-full wp-image-7249\" alt=\"\" srcset=\"https:\/\/www.pucesducanal.com\/wp-content\/uploads\/2021\/11\/circuit-court-scaled.jpg 2133w, https:\/\/www.pucesducanal.com\/wp-content\/uploads\/2021\/11\/circuit-court-250x300.jpg 250w, https:\/\/www.pucesducanal.com\/wp-content\/uploads\/2021\/11\/circuit-court-853x1024.jpg 853w\" sizes=\"(max-width: 2133px) 100vw, 2133px\" \/><\/figure><div class=\"elementor-image-box-content\"><h3 class=\"elementor-image-box-title\">Circuit court<\/h3><p class=\"elementor-image-box-description\">Vente des produits frais de saisons par un primeur pour faire voyager vos papilles tout en consommant local.<\/p><\/div><\/div>\t\t\t\t<\/div>\n\t\t\t\t<\/div>\n\t\t\t\t<\/div>\n\t\t<div class=\"elementor-element elementor-element-472aba4 e-con-full e-flex e-con e-child\" data-id=\"472aba4\" data-element_type=\"container\" data-e-type=\"container\">\n\t\t\t\t<div class=\"elementor-element elementor-element-b30f8bb elementor-position-top elementor-widget elementor-widget-image-box\" data-id=\"b30f8bb\" data-element_type=\"widget\" data-e-type=\"widget\" data-widget_type=\"image-box.default\">\n\t\t\t\t<div class=\"elementor-widget-container\">\n\t\t\t\t\t<div class=\"elementor-image-box-wrapper\"><figure class=\"elementor-image-box-img\"><img decoding=\"async\" width=\"2133\" height=\"2560\" src=\"https:\/\/www.pucesducanal.com\/wp-content\/uploads\/2021\/11\/Chine-chine-1-scaled.jpg\" class=\"attachment-full size-full wp-image-7252\" alt=\"\" srcset=\"https:\/\/www.pucesducanal.com\/wp-content\/uploads\/2021\/11\/Chine-chine-1-scaled.jpg 2133w, https:\/\/www.pucesducanal.com\/wp-content\/uploads\/2021\/11\/Chine-chine-1-250x300.jpg 250w, https:\/\/www.pucesducanal.com\/wp-content\/uploads\/2021\/11\/Chine-chine-1-853x1024.jpg 853w\" sizes=\"(max-width: 2133px) 100vw, 2133px\" \/><\/figure><div class=\"elementor-image-box-content\"><h3 class=\"elementor-image-box-title\">Tchin Chine<\/h3><p class=\"elementor-image-box-description\">\nPlantation de houblon par l\u2019association Place au Terreau, \u00e0 la Guinguette du Canal. Les Puces du Canal disposent ainsi de leur propre bi\u00e8re.<\/p><\/div><\/div>\t\t\t\t<\/div>\n\t\t\t\t<\/div>\n\t\t\t\t<\/div>\n\t\t<div class=\"elementor-element elementor-element-80daa32 e-con-full e-flex e-con e-child\" data-id=\"80daa32\" data-element_type=\"container\" data-e-type=\"container\">\n\t\t\t\t<div class=\"elementor-element elementor-element-d3073d4 elementor-position-top elementor-widget elementor-widget-image-box\" data-id=\"d3073d4\" data-element_type=\"widget\" data-e-type=\"widget\" data-widget_type=\"image-box.default\">\n\t\t\t\t<div class=\"elementor-widget-container\">\n\t\t\t\t\t<div class=\"elementor-image-box-wrapper\"><figure class=\"elementor-image-box-img\"><img loading=\"lazy\" decoding=\"async\" width=\"2133\" height=\"2560\" src=\"https:\/\/www.pucesducanal.com\/wp-content\/uploads\/2021\/11\/partenaire-scaled.jpg\" class=\"attachment-full size-full wp-image-7251\" alt=\"\" srcset=\"https:\/\/www.pucesducanal.com\/wp-content\/uploads\/2021\/11\/partenaire-scaled.jpg 2133w, https:\/\/www.pucesducanal.com\/wp-content\/uploads\/2021\/11\/partenaire-250x300.jpg 250w, https:\/\/www.pucesducanal.com\/wp-content\/uploads\/2021\/11\/partenaire-853x1024.jpg 853w\" sizes=\"(max-width: 2133px) 100vw, 2133px\" \/><\/figure><div class=\"elementor-image-box-content\"><h3 class=\"elementor-image-box-title\">Des partenaires responsables<\/h3><p class=\"elementor-image-box-description\">Am\u00e9nagement \u00e9co responsable par le biais de granulats recycl\u00e9s sur l\u2019exploitation du site des Puces du Canal par notre partenaire engag\u00e9 pour l\u2019environnement Vicat. <\/p><\/div><\/div>\t\t\t\t<\/div>\n\t\t\t\t<\/div>\n\t\t\t\t<\/div>\n\t\t<div class=\"elementor-element elementor-element-3fd6cd9 e-con-full e-flex e-con e-child\" data-id=\"3fd6cd9\" data-element_type=\"container\" data-e-type=\"container\">\n\t\t\t\t<div class=\"elementor-element elementor-element-2482e02 elementor-position-top elementor-widget elementor-widget-image-box\" data-id=\"2482e02\" data-element_type=\"widget\" data-e-type=\"widget\" data-widget_type=\"image-box.default\">\n\t\t\t\t<div class=\"elementor-widget-container\">\n\t\t\t\t\t<div class=\"elementor-image-box-wrapper\"><figure class=\"elementor-image-box-img\"><img loading=\"lazy\" decoding=\"async\" width=\"2133\" height=\"2560\" src=\"https:\/\/www.pucesducanal.com\/wp-content\/uploads\/2021\/11\/pictogramme-eau-scaled.jpg\" class=\"attachment-full size-full wp-image-7276\" alt=\"\" srcset=\"https:\/\/www.pucesducanal.com\/wp-content\/uploads\/2021\/11\/pictogramme-eau-scaled.jpg 2133w, https:\/\/www.pucesducanal.com\/wp-content\/uploads\/2021\/11\/pictogramme-eau-250x300.jpg 250w, https:\/\/www.pucesducanal.com\/wp-content\/uploads\/2021\/11\/pictogramme-eau-853x1024.jpg 853w\" sizes=\"(max-width: 2133px) 100vw, 2133px\" \/><\/figure><div class=\"elementor-image-box-content\"><h3 class=\"elementor-image-box-title\">Protection de l\u2019eau<\/h3><p class=\"elementor-image-box-description\">\nSitu\u00e9 dans le p\u00e9rim\u00e8tre prot\u00e9g\u00e9 des champs de captage en eau potable de Cr\u00e9pieux Charmy, notre lieu souhaite pr\u00e9server cette richesse.<\/p><\/div><\/div>\t\t\t\t<\/div>\n\t\t\t\t<\/div>\n\t\t\t\t<\/div>\n\t\t\t\t\t<\/div>\n\t\t\t\t<\/div>\n\t\t<div class=\"elementor-element elementor-element-1eeb8d4 e-flex e-con-boxed e-con e-parent\" data-id=\"1eeb8d4\" data-element_type=\"container\" data-e-type=\"container\">\n\t\t\t\t\t<div class=\"e-con-inner\">\n\t\t\t\t<div class=\"elementor-element elementor-element-747d346 elementor-widget elementor-widget-text-editor\" data-id=\"747d346\" data-element_type=\"widget\" data-e-type=\"widget\" data-widget_type=\"text-editor.default\">\n\t\t\t\t<div class=\"elementor-widget-container\">\n\t\t\t\t\t\t\t\t\t<h3>Sociaux<\/h3>\n<p>Les Puces du Canal sont devenues en plus de 30 ans une institution du territoire lyonnais et national. Chaque ann\u00e9e un demi-million de personnes s\u2019y croisent et s\u2019y rencontrent. Les nouvelles g\u00e9n\u00e9rations ont tout \u00e0 apprendre et \u00e0 apporter aux Puces du Canal.<\/p>\t\t\t\t\t\t\t\t<\/div>\n\t\t\t\t<\/div>\n\t\t\t\t\t<\/div>\n\t\t\t\t<\/div>\n\t\t<div class=\"elementor-element elementor-element-1926598 e-flex e-con-boxed e-con e-parent\" data-id=\"1926598\" data-element_type=\"container\" data-e-type=\"container\">\n\t\t\t\t\t<div class=\"e-con-inner\">\n\t\t<div class=\"elementor-element elementor-element-4293c9e e-con-full e-flex e-con e-child\" data-id=\"4293c9e\" data-element_type=\"container\" data-e-type=\"container\">\n\t\t\t\t<div class=\"elementor-element elementor-element-c5fb7b2 elementor-position-top elementor-widget elementor-widget-image-box\" data-id=\"c5fb7b2\" data-element_type=\"widget\" data-e-type=\"widget\" data-widget_type=\"image-box.default\">\n\t\t\t\t<div class=\"elementor-widget-container\">\n\t\t\t\t\t<div class=\"elementor-image-box-wrapper\"><figure class=\"elementor-image-box-img\"><img loading=\"lazy\" decoding=\"async\" width=\"2133\" height=\"2560\" src=\"https:\/\/www.pucesducanal.com\/wp-content\/uploads\/2022\/01\/pe\u0301dagogie-1-scaled.jpg\" class=\"attachment-full size-full wp-image-7432\" alt=\"\" srcset=\"https:\/\/www.pucesducanal.com\/wp-content\/uploads\/2022\/01\/pe\u0301dagogie-1-scaled.jpg 2133w, https:\/\/www.pucesducanal.com\/wp-content\/uploads\/2022\/01\/pe\u0301dagogie-1-250x300.jpg 250w, https:\/\/www.pucesducanal.com\/wp-content\/uploads\/2022\/01\/pe\u0301dagogie-1-853x1024.jpg 853w\" sizes=\"(max-width: 2133px) 100vw, 2133px\" \/><\/figure><div class=\"elementor-image-box-content\"><h3 class=\"elementor-image-box-title\">Visites universitaires<\/h3><p class=\"elementor-image-box-description\">Accueil de promotions universitaires (Universit\u00e9 Lyon 3, ENSAL, INSA) pour leur faire d\u00e9couvrir le lieu, ses activit\u00e9s plurielles, et le fonctionnement des Puces du Canal. Les Puces du Canal ont \u00e9galement fait l\u2019objet de terrain d\u2019exp\u00e9rimentation pour des \u00e9tudiants en faveur de l\u2019\u00e9conomie circulaire.<\/p><\/div><\/div>\t\t\t\t<\/div>\n\t\t\t\t<\/div>\n\t\t\t\t<\/div>\n\t\t<div class=\"elementor-element elementor-element-0376600 e-con-full e-flex e-con e-child\" data-id=\"0376600\" data-element_type=\"container\" data-e-type=\"container\">\n\t\t\t\t<div class=\"elementor-element elementor-element-1e83632 elementor-position-top elementor-widget elementor-widget-image-box\" data-id=\"1e83632\" data-element_type=\"widget\" data-e-type=\"widget\" data-widget_type=\"image-box.default\">\n\t\t\t\t<div class=\"elementor-widget-container\">\n\t\t\t\t\t<div class=\"elementor-image-box-wrapper\"><figure class=\"elementor-image-box-img\"><img loading=\"lazy\" decoding=\"async\" width=\"2133\" height=\"2560\" src=\"https:\/\/www.pucesducanal.com\/wp-content\/uploads\/2021\/11\/compa-scaled.jpg\" class=\"attachment-full size-full wp-image-7257\" alt=\"\" srcset=\"https:\/\/www.pucesducanal.com\/wp-content\/uploads\/2021\/11\/compa-scaled.jpg 2133w, https:\/\/www.pucesducanal.com\/wp-content\/uploads\/2021\/11\/compa-250x300.jpg 250w, https:\/\/www.pucesducanal.com\/wp-content\/uploads\/2021\/11\/compa-853x1024.jpg 853w\" sizes=\"(max-width: 2133px) 100vw, 2133px\" \/><\/figure><div class=\"elementor-image-box-content\"><h3 class=\"elementor-image-box-title\">Projets p\u00e9dagogiques<\/h3><p class=\"elementor-image-box-description\">\nCollaboration avec des \u00e9tudiants en arts plastiques pour habiller certains espaces des Puces du Canal.<\/p><\/div><\/div>\t\t\t\t<\/div>\n\t\t\t\t<\/div>\n\t\t\t\t<\/div>\n\t\t<div class=\"elementor-element elementor-element-04d4efb e-con-full e-flex e-con e-child\" data-id=\"04d4efb\" data-element_type=\"container\" data-e-type=\"container\">\n\t\t\t\t<div class=\"elementor-element elementor-element-5508c39 elementor-position-top elementor-widget elementor-widget-image-box\" data-id=\"5508c39\" data-element_type=\"widget\" data-e-type=\"widget\" data-widget_type=\"image-box.default\">\n\t\t\t\t<div class=\"elementor-widget-container\">\n\t\t\t\t\t<div class=\"elementor-image-box-wrapper\"><figure class=\"elementor-image-box-img\"><img loading=\"lazy\" decoding=\"async\" width=\"2133\" height=\"2560\" src=\"https:\/\/www.pucesducanal.com\/wp-content\/uploads\/2021\/11\/Art-scaled.jpg\" class=\"attachment-full size-full wp-image-7255\" alt=\"\" srcset=\"https:\/\/www.pucesducanal.com\/wp-content\/uploads\/2021\/11\/Art-scaled.jpg 2133w, https:\/\/www.pucesducanal.com\/wp-content\/uploads\/2021\/11\/Art-250x300.jpg 250w, https:\/\/www.pucesducanal.com\/wp-content\/uploads\/2021\/11\/Art-853x1024.jpg 853w\" sizes=\"(max-width: 2133px) 100vw, 2133px\" \/><\/figure><div class=\"elementor-image-box-content\"><h3 class=\"elementor-image-box-title\"> Collaborations artistiques<\/h3><p class=\"elementor-image-box-description\">Projets artistiques aupr\u00e8s d\u2019artistes locaux ; fresque murale r\u00e9alis\u00e9e par les Toki.<\/p><\/div><\/div>\t\t\t\t<\/div>\n\t\t\t\t<\/div>\n\t\t\t\t<\/div>\n\t\t\t\t\t<\/div>\n\t\t\t\t<\/div>\n\t\t<div class=\"elementor-element elementor-element-1facf3a e-flex e-con-boxed e-con e-parent\" data-id=\"1facf3a\" data-element_type=\"container\" data-e-type=\"container\">\n\t\t\t\t\t<div class=\"e-con-inner\">\n\t\t\t\t<div class=\"elementor-element elementor-element-37b4f97 elementor-widget elementor-widget-text-editor\" data-id=\"37b4f97\" data-element_type=\"widget\" data-e-type=\"widget\" data-widget_type=\"text-editor.default\">\n\t\t\t\t<div class=\"elementor-widget-container\">\n\t\t\t\t\t\t\t\t\t<h3>Associatifs<\/h3><p>Les Puces du Canal, un lieu engag\u00e9 oeuvrant aux c\u00f4t\u00e9s d\u2019associations en aide aux personnes dans le besoin.<\/p>\t\t\t\t\t\t\t\t<\/div>\n\t\t\t\t<\/div>\n\t\t\t\t\t<\/div>\n\t\t\t\t<\/div>\n\t\t<div class=\"elementor-element elementor-element-784eda8 e-flex e-con-boxed e-con e-parent\" data-id=\"784eda8\" data-element_type=\"container\" data-e-type=\"container\">\n\t\t\t\t\t<div class=\"e-con-inner\">\n\t\t<div class=\"elementor-element elementor-element-8d66c72 e-con-full e-flex e-con e-child\" data-id=\"8d66c72\" data-element_type=\"container\" data-e-type=\"container\">\n\t\t\t\t<div class=\"elementor-element elementor-element-4c6d6b7 elementor-position-top elementor-widget elementor-widget-image-box\" data-id=\"4c6d6b7\" data-element_type=\"widget\" data-e-type=\"widget\" data-widget_type=\"image-box.default\">\n\t\t\t\t<div class=\"elementor-widget-container\">\n\t\t\t\t\t<div class=\"elementor-image-box-wrapper\"><figure class=\"elementor-image-box-img\"><img loading=\"lazy\" decoding=\"async\" width=\"2133\" height=\"2560\" src=\"https:\/\/www.pucesducanal.com\/wp-content\/uploads\/2021\/11\/foyer-d-enotre-dame-scaled.jpg\" class=\"attachment-full size-full wp-image-7258\" alt=\"\" srcset=\"https:\/\/www.pucesducanal.com\/wp-content\/uploads\/2021\/11\/foyer-d-enotre-dame-scaled.jpg 2133w, https:\/\/www.pucesducanal.com\/wp-content\/uploads\/2021\/11\/foyer-d-enotre-dame-250x300.jpg 250w, https:\/\/www.pucesducanal.com\/wp-content\/uploads\/2021\/11\/foyer-d-enotre-dame-853x1024.jpg 853w\" sizes=\"(max-width: 2133px) 100vw, 2133px\" \/><\/figure><div class=\"elementor-image-box-content\"><h3 class=\"elementor-image-box-title\">Partenariat<\/h3><p class=\"elementor-image-box-description\">avec <a href='https:\/\/www.fndsa.org\/'>Notre Dame des Sans-Abri <\/a> collectes de v\u00eatements lors de salons d\u00e9di\u00e9s.<\/p><\/div><\/div>\t\t\t\t<\/div>\n\t\t\t\t<\/div>\n\t\t\t\t<\/div>\n\t\t<div class=\"elementor-element elementor-element-259cedc e-con-full e-flex e-con e-child\" data-id=\"259cedc\" data-element_type=\"container\" data-e-type=\"container\">\n\t\t\t\t<div class=\"elementor-element elementor-element-62cad01 elementor-position-top elementor-widget elementor-widget-image-box\" data-id=\"62cad01\" data-element_type=\"widget\" data-e-type=\"widget\" data-widget_type=\"image-box.default\">\n\t\t\t\t<div class=\"elementor-widget-container\">\n\t\t\t\t\t<div class=\"elementor-image-box-wrapper\"><figure class=\"elementor-image-box-img\"><img loading=\"lazy\" decoding=\"async\" width=\"2133\" height=\"2560\" src=\"https:\/\/www.pucesducanal.com\/wp-content\/uploads\/2021\/11\/les-etoiles-filantes-scaled.jpg\" class=\"attachment-full size-full wp-image-7259\" alt=\"\" srcset=\"https:\/\/www.pucesducanal.com\/wp-content\/uploads\/2021\/11\/les-etoiles-filantes-scaled.jpg 2133w, https:\/\/www.pucesducanal.com\/wp-content\/uploads\/2021\/11\/les-etoiles-filantes-250x300.jpg 250w, https:\/\/www.pucesducanal.com\/wp-content\/uploads\/2021\/11\/les-etoiles-filantes-853x1024.jpg 853w\" sizes=\"(max-width: 2133px) 100vw, 2133px\" \/><\/figure><div class=\"elementor-image-box-content\"><h3 class=\"elementor-image-box-title\">Partenariat<\/h3><p class=\"elementor-image-box-description\">\u00e9v\u00e9nementiel au profit de l\u2019association <a href='https:\/\/www.lesetoilesfilantes.org\/' target='_blank'>Les \u00c9toiles Filantes<\/a>.<\/p><\/div><\/div>\t\t\t\t<\/div>\n\t\t\t\t<\/div>\n\t\t\t\t<\/div>\n\t\t<div class=\"elementor-element elementor-element-451b1c0 e-con-full e-flex e-con e-child\" data-id=\"451b1c0\" data-element_type=\"container\" data-e-type=\"container\">\n\t\t\t\t<div class=\"elementor-element elementor-element-608d268 elementor-position-top elementor-widget elementor-widget-image-box\" data-id=\"608d268\" data-element_type=\"widget\" data-e-type=\"widget\" data-widget_type=\"image-box.default\">\n\t\t\t\t<div class=\"elementor-widget-container\">\n\t\t\t\t\t<div class=\"elementor-image-box-wrapper\"><figure class=\"elementor-image-box-img\"><img loading=\"lazy\" decoding=\"async\" width=\"2133\" height=\"2560\" src=\"https:\/\/www.pucesducanal.com\/wp-content\/uploads\/2021\/11\/revivons-plus-scaled.jpg\" class=\"attachment-full size-full wp-image-7260\" alt=\"\" srcset=\"https:\/\/www.pucesducanal.com\/wp-content\/uploads\/2021\/11\/revivons-plus-scaled.jpg 2133w, https:\/\/www.pucesducanal.com\/wp-content\/uploads\/2021\/11\/revivons-plus-250x300.jpg 250w, https:\/\/www.pucesducanal.com\/wp-content\/uploads\/2021\/11\/revivons-plus-853x1024.jpg 853w\" sizes=\"(max-width: 2133px) 100vw, 2133px\" \/><\/figure><div class=\"elementor-image-box-content\"><h3 class=\"elementor-image-box-title\">Partenariat<\/h3><p class=\"elementor-image-box-description\">avec <a href='https:\/\/revivonsplus.wixsite.com\/rep-shop' target='_blank'>Revivons Plus<\/a>, acteur engag\u00e9 dans la protection de l\u2019environnement, lors de d\u00e9ballages.<\/p><\/div><\/div>\t\t\t\t<\/div>\n\t\t\t\t<\/div>\n\t\t\t\t<\/div>\n\t\t\t\t\t<\/div>\n\t\t\t\t<\/div>\n\t\t\t\t<\/div>\n\t\t","protected":false},"excerpt":{"rendered":"<p>Nos engagements Environnementaux Les Puces du Canal soucieuses de l\u2019environnement r\u00e9pondent aujourd\u2019hui aux pr\u00e9occupations de consommer diff\u00e9remment de fa\u00e7on \u00e9thique et responsable. En effet, l\u2019activit\u00e9 des Puces du Canal se veut inscrite naturellement dans des logiques d\u2019\u00e9conomie circulaire minimisant le gaspillage, puisque la mission premi\u00e8re est de donner une seconde vie \u00e0 des objets. Ainsi, [&hellip;]<\/p>\n","protected":false},"author":2,"featured_media":0,"parent":0,"menu_order":0,"comment_status":"closed","ping_status":"closed","template":"full-width.php","meta":{"_acf_changed":false,"_exactmetrics_skip_tracking":false,"_exactmetrics_sitenote_active":false,"_exactmetrics_sitenote_note":"","_exactmetrics_sitenote_category":0,"footnotes":""},"class_list":["post-7235","page","type-page","status-publish","hentry"],"acf":[],"aioseo_notices":[],"_links":{"self":[{"href":"https:\/\/www.pucesducanal.com\/fr\/wp-json\/wp\/v2\/pages\/7235","targetHints":{"allow":["GET"]}}],"collection":[{"href":"https:\/\/www.pucesducanal.com\/fr\/wp-json\/wp\/v2\/pages"}],"about":[{"href":"https:\/\/www.pucesducanal.com\/fr\/wp-json\/wp\/v2\/types\/page"}],"author":[{"embeddable":true,"href":"https:\/\/www.pucesducanal.com\/fr\/wp-json\/wp\/v2\/users\/2"}],"replies":[{"embeddable":true,"href":"https:\/\/www.pucesducanal.com\/fr\/wp-json\/wp\/v2\/comments?post=7235"}],"version-history":[{"count":7,"href":"https:\/\/www.pucesducanal.com\/fr\/wp-json\/wp\/v2\/pages\/7235\/revisions"}],"predecessor-version":[{"id":11124,"href":"https:\/\/www.pucesducanal.com\/fr\/wp-json\/wp\/v2\/pages\/7235\/revisions\/11124"}],"wp:attachment":[{"href":"https:\/\/www.pucesducanal.com\/fr\/wp-json\/wp\/v2\/media?parent=7235"}],"curies":[{"name":"wp","href":"https:\/\/api.w.org\/{rel}","templated":true}]}}