{"id":4093,"date":"2019-03-24T22:00:23","date_gmt":"2019-03-24T21:00:23","guid":{"rendered":"https:\/\/dev.pucesducanal.com\/?page_id=4093"},"modified":"2026-03-18T15:44:02","modified_gmt":"2026-03-18T14:44:02","slug":"quartiers","status":"publish","type":"page","link":"https:\/\/www.pucesducanal.com\/fr\/quartiers\/","title":{"rendered":"Quartiers"},"content":{"rendered":"\t\t<div data-elementor-type=\"wp-page\" data-elementor-id=\"4093\" class=\"elementor elementor-4093\">\n\t\t\t\t<div class=\"elementor-element elementor-element-8a75243 e-flex e-con-boxed e-con e-parent\" data-id=\"8a75243\" data-element_type=\"container\" data-e-type=\"container\">\n\t\t\t\t\t<div class=\"e-con-inner\">\n\t\t\t\t<div class=\"elementor-element elementor-element-5f91c50 elementor-invisible elementor-widget elementor-widget-heading\" data-id=\"5f91c50\" data-element_type=\"widget\" data-e-type=\"widget\" data-settings=\"{&quot;_animation&quot;:&quot;fadeInUp&quot;}\" data-widget_type=\"heading.default\">\n\t\t\t\t<div class=\"elementor-widget-container\">\n\t\t\t\t\t<h2 class=\"elementor-heading-title elementor-size-default\">Quartiers<\/h2>\t\t\t\t<\/div>\n\t\t\t\t<\/div>\n\t\t\t\t<div class=\"elementor-element elementor-element-3f7bb24 elementor-invisible elementor-widget elementor-widget-text-editor\" data-id=\"3f7bb24\" data-element_type=\"widget\" data-e-type=\"widget\" data-settings=\"{&quot;_animation&quot;:&quot;fadeInUp&quot;}\" data-widget_type=\"text-editor.default\">\n\t\t\t\t<div class=\"elementor-widget-container\">\n\t\t\t\t\t\t\t\t\t<p>\u00a0Les Puces du Canal, un lieu pluriel qui associe divers quartiers, des hommes et des femmes passionn\u00e9s pour imaginer de nouvelles dynamiques collectives. On retrouve quatre univers d\u00e9di\u00e9s \u00e0 l\u2019art de vivre. <\/p>\t\t\t\t\t\t\t\t<\/div>\n\t\t\t\t<\/div>\n\t\t\t\t\t<\/div>\n\t\t\t\t<\/div>\n\t\t<div class=\"elementor-element elementor-element-9f86c5b e-flex e-con-boxed e-con e-parent\" data-id=\"9f86c5b\" data-element_type=\"container\" data-e-type=\"container\">\n\t\t\t\t\t<div class=\"e-con-inner\">\n\t\t<div class=\"elementor-element elementor-element-a976aaf e-con-full e-flex e-con e-child\" data-id=\"a976aaf\" data-element_type=\"container\" data-e-type=\"container\">\n\t\t\t\t<div class=\"elementor-element elementor-element-4143619 elementor-invisible elementor-widget elementor-widget-image\" data-id=\"4143619\" data-element_type=\"widget\" data-e-type=\"widget\" data-settings=\"{&quot;_animation&quot;:&quot;fadeInLeft&quot;}\" data-widget_type=\"image.default\">\n\t\t\t\t<div class=\"elementor-widget-container\">\n\t\t\t\t\t\t\t\t\t\t\t\t\t\t\t<img fetchpriority=\"high\" decoding=\"async\" width=\"819\" height=\"1024\" src=\"https:\/\/www.pucesducanal.com\/wp-content\/uploads\/2022\/01\/Lampe-Maison-Charles-819x1024.jpg\" class=\"attachment-large size-large wp-image-7425\" alt=\"\" srcset=\"https:\/\/www.pucesducanal.com\/wp-content\/uploads\/2022\/01\/Lampe-Maison-Charles-819x1024.jpg 819w, https:\/\/www.pucesducanal.com\/wp-content\/uploads\/2022\/01\/Lampe-Maison-Charles-240x300.jpg 240w, https:\/\/www.pucesducanal.com\/wp-content\/uploads\/2022\/01\/Lampe-Maison-Charles.jpg 1760w\" sizes=\"(max-width: 819px) 100vw, 819px\" \/>\t\t\t\t\t\t\t\t\t\t\t\t\t\t\t<\/div>\n\t\t\t\t<\/div>\n\t\t\t\t<\/div>\n\t\t<div class=\"elementor-element elementor-element-ef893c1 e-con-full e-flex elementor-invisible e-con e-child\" data-id=\"ef893c1\" data-element_type=\"container\" data-e-type=\"container\" data-settings=\"{&quot;animation&quot;:&quot;fadeInLeft&quot;}\">\n\t\t\t\t<div class=\"elementor-element elementor-element-6e84981 elementor-widget elementor-widget-heading\" data-id=\"6e84981\" data-element_type=\"widget\" data-e-type=\"widget\" data-widget_type=\"heading.default\">\n\t\t\t\t<div class=\"elementor-widget-container\">\n\t\t\t\t\t<h3 class=\"elementor-heading-title elementor-size-default\">Les Traboules<\/h3>\t\t\t\t<\/div>\n\t\t\t\t<\/div>\n\t\t\t\t<div class=\"elementor-element elementor-element-650e3be elementor-widget elementor-widget-text-editor\" data-id=\"650e3be\" data-element_type=\"widget\" data-e-type=\"widget\" data-widget_type=\"text-editor.default\">\n\t\t\t\t<div class=\"elementor-widget-container\">\n\t\t\t\t\t\t\t\t\t<p>Cet immense hangar couvert constitue l\u2019\u00e9crin d\u2019origine des Puces du Canal et reste le b\u00e2timent principal, consid\u00e9r\u00e9 comme le lieu de prestige des Puces. Embl\u00e9matique de la richesse de l\u2019offre, il rassemble une centaine de marchands r\u00e9put\u00e9s et connus sur la place lyonnaise mais aussi au-del\u00e0 de nos fronti\u00e8res.<\/p>\t\t\t\t\t\t\t\t<\/div>\n\t\t\t\t<\/div>\n\t\t\t\t<\/div>\n\t\t<div class=\"elementor-element elementor-element-3172ebf e-con-full e-flex e-con e-child\" data-id=\"3172ebf\" data-element_type=\"container\" data-e-type=\"container\">\n\t\t\t\t<div class=\"elementor-element elementor-element-ee80142 elementor-invisible elementor-widget elementor-widget-text-editor\" data-id=\"ee80142\" data-element_type=\"widget\" data-e-type=\"widget\" data-settings=\"{&quot;_animation&quot;:&quot;fadeInLeft&quot;}\" data-widget_type=\"text-editor.default\">\n\t\t\t\t<div class=\"elementor-widget-container\">\n\t\t\t\t\t\t\t\t\t<p>Parmi eux, d\u2019anciens antiquaires de la Cit\u00e9 des Antiquaires et de la rue Auguste Comte qui retrouvent ici un espace digne de leurs marchandises avec des pi\u00e8ces couvrant les \u00e9poques depuis le XVIe jusqu\u2019au XXe si\u00e8cle. Dans les all\u00e9es et les trav\u00e9es des Puces, la d\u00e9ambulation se fait lente par les d\u00e9couvertes de tous leurs tr\u00e9sors.<\/p>\t\t\t\t\t\t\t\t<\/div>\n\t\t\t\t<\/div>\n\t\t\t\t<\/div>\n\t\t\t\t\t<\/div>\n\t\t\t\t<\/div>\n\t\t<div class=\"elementor-element elementor-element-c97f119 e-flex e-con-boxed e-con e-parent\" data-id=\"c97f119\" data-element_type=\"container\" data-e-type=\"container\">\n\t\t\t\t\t<div class=\"e-con-inner\">\n\t\t\t\t<div class=\"elementor-element elementor-element-f47ee5f elementor-widget-divider--view-line elementor-widget elementor-widget-divider\" data-id=\"f47ee5f\" data-element_type=\"widget\" data-e-type=\"widget\" data-widget_type=\"divider.default\">\n\t\t\t\t<div class=\"elementor-widget-container\">\n\t\t\t\t\t\t\t<div class=\"elementor-divider\">\n\t\t\t<span class=\"elementor-divider-separator\">\n\t\t\t\t\t\t<\/span>\n\t\t<\/div>\n\t\t\t\t\t\t<\/div>\n\t\t\t\t<\/div>\n\t\t\t\t\t<\/div>\n\t\t\t\t<\/div>\n\t\t<div class=\"elementor-element elementor-element-edca786 e-flex e-con-boxed e-con e-parent\" data-id=\"edca786\" data-element_type=\"container\" data-e-type=\"container\">\n\t\t\t\t\t<div class=\"e-con-inner\">\n\t\t<div class=\"elementor-element elementor-element-40f7938 e-con-full e-flex e-con e-child\" data-id=\"40f7938\" data-element_type=\"container\" data-e-type=\"container\">\n\t\t\t\t<div class=\"elementor-element elementor-element-aa66fed elementor-invisible elementor-widget elementor-widget-text-editor\" data-id=\"aa66fed\" data-element_type=\"widget\" data-e-type=\"widget\" data-settings=\"{&quot;_animation&quot;:&quot;fadeInLeft&quot;}\" data-widget_type=\"text-editor.default\">\n\t\t\t\t<div class=\"elementor-widget-container\">\n\t\t\t\t\t\t\t\t\t<p>\u00a0Colonne vert\u00e9brale du march\u00e9, cette partie tr\u00e8s centrale des Puces aussi appel\u00e9e \u00ab les t\u00f4les \u00bb rassemble plus d\u2019une centaine de brocanteurs dans des box individuels laissant d\u00e9couvrir des meubles, des objets de d\u00e9co, lampes industrielles, quincaillerie, fripes, vaisselles, lustres et tableaux et m\u00eame motos, ici la d\u00e9ambulation, la v\u00e9ritable chine prend ses meilleurs quartiers ! <\/p>\t\t\t\t\t\t\t\t<\/div>\n\t\t\t\t<\/div>\n\t\t\t\t<\/div>\n\t\t<div class=\"elementor-element elementor-element-7e70ed7 e-con-full e-flex elementor-invisible e-con e-child\" data-id=\"7e70ed7\" data-element_type=\"container\" data-e-type=\"container\" data-settings=\"{&quot;animation&quot;:&quot;fadeInLeft&quot;}\">\n\t\t\t\t<div class=\"elementor-element elementor-element-beb09e8 elementor-widget elementor-widget-heading\" data-id=\"beb09e8\" data-element_type=\"widget\" data-e-type=\"widget\" data-widget_type=\"heading.default\">\n\t\t\t\t<div class=\"elementor-widget-container\">\n\t\t\t\t\t<h3 class=\"elementor-heading-title elementor-size-default\"> La Halle Louis la Brocante \n<\/h3>\t\t\t\t<\/div>\n\t\t\t\t<\/div>\n\t\t\t\t<\/div>\n\t\t<div class=\"elementor-element elementor-element-acbfe37 e-con-full e-flex e-con e-child\" data-id=\"acbfe37\" data-element_type=\"container\" data-e-type=\"container\">\n\t\t\t\t<div class=\"elementor-element elementor-element-8006725 elementor-invisible elementor-widget elementor-widget-image\" data-id=\"8006725\" data-element_type=\"widget\" data-e-type=\"widget\" data-settings=\"{&quot;_animation&quot;:&quot;fadeInLeft&quot;}\" data-widget_type=\"image.default\">\n\t\t\t\t<div class=\"elementor-widget-container\">\n\t\t\t\t\t\t\t\t\t\t\t\t\t\t\t<img decoding=\"async\" width=\"683\" height=\"1024\" src=\"https:\/\/www.pucesducanal.com\/wp-content\/uploads\/2021\/08\/413-683x1024.jpg\" class=\"attachment-large size-large wp-image-6998\" alt=\"\" srcset=\"https:\/\/www.pucesducanal.com\/wp-content\/uploads\/2021\/08\/413-683x1024.jpg 683w, https:\/\/www.pucesducanal.com\/wp-content\/uploads\/2021\/08\/413-200x300.jpg 200w, https:\/\/www.pucesducanal.com\/wp-content\/uploads\/2021\/08\/413-scaled.jpg 1707w\" sizes=\"(max-width: 683px) 100vw, 683px\" \/>\t\t\t\t\t\t\t\t\t\t\t\t\t\t\t<\/div>\n\t\t\t\t<\/div>\n\t\t\t\t<\/div>\n\t\t\t\t\t<\/div>\n\t\t\t\t<\/div>\n\t\t<div class=\"elementor-element elementor-element-cd1b873 e-flex e-con-boxed e-con e-parent\" data-id=\"cd1b873\" data-element_type=\"container\" data-e-type=\"container\">\n\t\t\t\t\t<div class=\"e-con-inner\">\n\t\t\t\t<div class=\"elementor-element elementor-element-799c1b5 elementor-widget-divider--view-line elementor-widget elementor-widget-divider\" data-id=\"799c1b5\" data-element_type=\"widget\" data-e-type=\"widget\" data-widget_type=\"divider.default\">\n\t\t\t\t<div class=\"elementor-widget-container\">\n\t\t\t\t\t\t\t<div class=\"elementor-divider\">\n\t\t\t<span class=\"elementor-divider-separator\">\n\t\t\t\t\t\t<\/span>\n\t\t<\/div>\n\t\t\t\t\t\t<\/div>\n\t\t\t\t<\/div>\n\t\t\t\t\t<\/div>\n\t\t\t\t<\/div>\n\t\t<div class=\"elementor-element elementor-element-dac123e e-flex e-con-boxed e-con e-parent\" data-id=\"dac123e\" data-element_type=\"container\" data-e-type=\"container\">\n\t\t\t\t\t<div class=\"e-con-inner\">\n\t\t<div class=\"elementor-element elementor-element-17910d5 e-con-full e-flex e-con e-child\" data-id=\"17910d5\" data-element_type=\"container\" data-e-type=\"container\">\n\t\t\t\t<div class=\"elementor-element elementor-element-12efe18 elementor-invisible elementor-widget elementor-widget-image\" data-id=\"12efe18\" data-element_type=\"widget\" data-e-type=\"widget\" data-settings=\"{&quot;_animation&quot;:&quot;fadeInLeft&quot;}\" data-widget_type=\"image.default\">\n\t\t\t\t<div class=\"elementor-widget-container\">\n\t\t\t\t\t\t\t\t\t\t\t\t\t\t\t<img decoding=\"async\" width=\"683\" height=\"1024\" src=\"https:\/\/www.pucesducanal.com\/wp-content\/uploads\/2021\/08\/485-1-683x1024.jpg\" class=\"attachment-large size-large wp-image-7025\" alt=\"\" srcset=\"https:\/\/www.pucesducanal.com\/wp-content\/uploads\/2021\/08\/485-1-683x1024.jpg 683w, https:\/\/www.pucesducanal.com\/wp-content\/uploads\/2021\/08\/485-1-200x300.jpg 200w, https:\/\/www.pucesducanal.com\/wp-content\/uploads\/2021\/08\/485-1-scaled.jpg 1707w\" sizes=\"(max-width: 683px) 100vw, 683px\" \/>\t\t\t\t\t\t\t\t\t\t\t\t\t\t\t<\/div>\n\t\t\t\t<\/div>\n\t\t\t\t<\/div>\n\t\t<div class=\"elementor-element elementor-element-2e8097c e-con-full e-flex elementor-invisible e-con e-child\" data-id=\"2e8097c\" data-element_type=\"container\" data-e-type=\"container\" data-settings=\"{&quot;animation&quot;:&quot;fadeInLeft&quot;}\">\n\t\t\t\t<div class=\"elementor-element elementor-element-3fb84d9 elementor-widget elementor-widget-heading\" data-id=\"3fb84d9\" data-element_type=\"widget\" data-e-type=\"widget\" data-widget_type=\"heading.default\">\n\t\t\t\t<div class=\"elementor-widget-container\">\n\t\t\t\t\t<h3 class=\"elementor-heading-title elementor-size-default\"> Les Containers \n\n<\/h3>\t\t\t\t<\/div>\n\t\t\t\t<\/div>\n\t\t\t\t<\/div>\n\t\t<div class=\"elementor-element elementor-element-ee48f7f e-con-full e-flex e-con e-child\" data-id=\"ee48f7f\" data-element_type=\"container\" data-e-type=\"container\">\n\t\t\t\t<div class=\"elementor-element elementor-element-dd63422 elementor-invisible elementor-widget elementor-widget-text-editor\" data-id=\"dd63422\" data-element_type=\"widget\" data-e-type=\"widget\" data-settings=\"{&quot;_animation&quot;:&quot;fadeInLeft&quot;}\" data-widget_type=\"text-editor.default\">\n\t\t\t\t<div class=\"elementor-widget-container\">\n\t\t\t\t\t\t\t\t\t<p>\u00a0Ils constituent la partie la plus r\u00e9cente des Puces. Elle se compose d\u2019une quarantaine de containers qui offrent des espaces avec une approche plus contemporaine o\u00f9 les objets anciens ont \u00e9t\u00e9 retravaill\u00e9s, personnalis\u00e9s ou recycl\u00e9s gr\u00e2ce \u00e0 la cr\u00e9ativit\u00e9 des artistes qui leur ont rendu une seconde vie, plus adapt\u00e9e aux tendances actuelles. Beaucoup de vintage, d\u2019indus et d\u2019objets insolites dans cet espace plein de jolies surprises. <\/p>\t\t\t\t\t\t\t\t<\/div>\n\t\t\t\t<\/div>\n\t\t\t\t<\/div>\n\t\t\t\t\t<\/div>\n\t\t\t\t<\/div>\n\t\t<div class=\"elementor-element elementor-element-5e3f641 e-flex e-con-boxed e-con e-parent\" data-id=\"5e3f641\" data-element_type=\"container\" data-e-type=\"container\">\n\t\t\t\t\t<div class=\"e-con-inner\">\n\t\t\t\t<div class=\"elementor-element elementor-element-59b24d7 elementor-widget-divider--view-line elementor-widget elementor-widget-divider\" data-id=\"59b24d7\" data-element_type=\"widget\" data-e-type=\"widget\" data-widget_type=\"divider.default\">\n\t\t\t\t<div class=\"elementor-widget-container\">\n\t\t\t\t\t\t\t<div class=\"elementor-divider\">\n\t\t\t<span class=\"elementor-divider-separator\">\n\t\t\t\t\t\t<\/span>\n\t\t<\/div>\n\t\t\t\t\t\t<\/div>\n\t\t\t\t<\/div>\n\t\t\t\t\t<\/div>\n\t\t\t\t<\/div>\n\t\t<div class=\"elementor-element elementor-element-fc4822c e-flex e-con-boxed e-con e-parent\" data-id=\"fc4822c\" data-element_type=\"container\" data-e-type=\"container\">\n\t\t\t\t\t<div class=\"e-con-inner\">\n\t\t<div class=\"elementor-element elementor-element-e142181 e-con-full e-flex e-con e-child\" data-id=\"e142181\" data-element_type=\"container\" data-e-type=\"container\">\n\t\t\t\t<div class=\"elementor-element elementor-element-ea8b4d4 elementor-invisible elementor-widget elementor-widget-text-editor\" data-id=\"ea8b4d4\" data-element_type=\"widget\" data-e-type=\"widget\" data-settings=\"{&quot;_animation&quot;:&quot;fadeInLeft&quot;}\" data-widget_type=\"text-editor.default\">\n\t\t\t\t<div class=\"elementor-widget-container\">\n\t\t\t\t\t\t\t\t\t<p>\u00a0Ils constituent la partie la plus r\u00e9cente des Puces. Elle se compose d\u2019une quarantaine de containers qui offrent des espaces avec une approche plus contemporaine o\u00f9 les objets anciens ont \u00e9t\u00e9 retravaill\u00e9s, personnalis\u00e9s ou recycl\u00e9s gr\u00e2ce \u00e0 la cr\u00e9ativit\u00e9 des artistes qui leur ont rendu une seconde vie, plus adapt\u00e9e aux tendances actuelles. Beaucoup de vintage, d\u2019indus et d\u2019objets insolites dans cet espace plein de jolies surprises. <\/p>\t\t\t\t\t\t\t\t<\/div>\n\t\t\t\t<\/div>\n\t\t\t\t<\/div>\n\t\t<div class=\"elementor-element elementor-element-f21b24f e-con-full e-flex elementor-invisible e-con e-child\" data-id=\"f21b24f\" data-element_type=\"container\" data-e-type=\"container\" data-settings=\"{&quot;animation&quot;:&quot;fadeInLeft&quot;}\">\n\t\t\t\t<div class=\"elementor-element elementor-element-e88bc8e elementor-widget elementor-widget-heading\" data-id=\"e88bc8e\" data-element_type=\"widget\" data-e-type=\"widget\" data-widget_type=\"heading.default\">\n\t\t\t\t<div class=\"elementor-widget-container\">\n\t\t\t\t\t<h3 class=\"elementor-heading-title elementor-size-default\"> L\u2019\u00c9cole \n\n\n<\/h3>\t\t\t\t<\/div>\n\t\t\t\t<\/div>\n\t\t\t\t<\/div>\n\t\t<div class=\"elementor-element elementor-element-a218997 e-con-full e-flex e-con e-child\" data-id=\"a218997\" data-element_type=\"container\" data-e-type=\"container\">\n\t\t\t\t<div class=\"elementor-element elementor-element-6a600ee elementor-invisible elementor-widget elementor-widget-image\" data-id=\"6a600ee\" data-element_type=\"widget\" data-e-type=\"widget\" data-settings=\"{&quot;_animation&quot;:&quot;fadeInLeft&quot;}\" data-widget_type=\"image.default\">\n\t\t\t\t<div class=\"elementor-widget-container\">\n\t\t\t\t\t\t\t\t\t\t\t\t\t\t\t<img loading=\"lazy\" decoding=\"async\" width=\"683\" height=\"1024\" src=\"https:\/\/www.pucesducanal.com\/wp-content\/uploads\/2021\/08\/506-683x1024.jpg\" class=\"attachment-large size-large wp-image-7038\" alt=\"\" srcset=\"https:\/\/www.pucesducanal.com\/wp-content\/uploads\/2021\/08\/506-683x1024.jpg 683w, https:\/\/www.pucesducanal.com\/wp-content\/uploads\/2021\/08\/506-200x300.jpg 200w, https:\/\/www.pucesducanal.com\/wp-content\/uploads\/2021\/08\/506-scaled.jpg 1707w\" sizes=\"(max-width: 683px) 100vw, 683px\" \/>\t\t\t\t\t\t\t\t\t\t\t\t\t\t\t<\/div>\n\t\t\t\t<\/div>\n\t\t\t\t<\/div>\n\t\t\t\t\t<\/div>\n\t\t\t\t<\/div>\n\t\t<div class=\"elementor-element elementor-element-03c40ca e-flex e-con-boxed e-con e-parent\" data-id=\"03c40ca\" data-element_type=\"container\" data-e-type=\"container\">\n\t\t\t\t\t<div class=\"e-con-inner\">\n\t\t\t\t<div class=\"elementor-element elementor-element-08bef7e elementor-widget-divider--view-line elementor-widget elementor-widget-divider\" data-id=\"08bef7e\" data-element_type=\"widget\" data-e-type=\"widget\" data-widget_type=\"divider.default\">\n\t\t\t\t<div class=\"elementor-widget-container\">\n\t\t\t\t\t\t\t<div class=\"elementor-divider\">\n\t\t\t<span class=\"elementor-divider-separator\">\n\t\t\t\t\t\t<\/span>\n\t\t<\/div>\n\t\t\t\t\t\t<\/div>\n\t\t\t\t<\/div>\n\t\t\t\t\t<\/div>\n\t\t\t\t<\/div>\n\t\t<div class=\"elementor-element elementor-element-ddbbff1 e-flex e-con-boxed e-con e-parent\" data-id=\"ddbbff1\" data-element_type=\"container\" data-e-type=\"container\">\n\t\t\t\t\t<div class=\"e-con-inner\">\n\t\t<div class=\"elementor-element elementor-element-d301a8f e-con-full e-flex e-con e-child\" data-id=\"d301a8f\" data-element_type=\"container\" data-e-type=\"container\">\n\t\t\t\t<div class=\"elementor-element elementor-element-f8e267e elementor-invisible elementor-widget elementor-widget-image\" data-id=\"f8e267e\" data-element_type=\"widget\" data-e-type=\"widget\" data-settings=\"{&quot;_animation&quot;:&quot;fadeInLeft&quot;}\" data-widget_type=\"image.default\">\n\t\t\t\t<div class=\"elementor-widget-container\">\n\t\t\t\t\t\t\t\t\t\t\t\t\t\t\t<img loading=\"lazy\" decoding=\"async\" width=\"1024\" height=\"683\" src=\"https:\/\/www.pucesducanal.com\/wp-content\/uploads\/2021\/11\/\u00a9ANTHONY-BABE_01-1024x683.jpg\" class=\"attachment-large size-large wp-image-7302\" alt=\"\" srcset=\"https:\/\/www.pucesducanal.com\/wp-content\/uploads\/2021\/11\/\u00a9ANTHONY-BABE_01-1024x683.jpg 1024w, https:\/\/www.pucesducanal.com\/wp-content\/uploads\/2021\/11\/\u00a9ANTHONY-BABE_01-300x200.jpg 300w\" sizes=\"(max-width: 1024px) 100vw, 1024px\" \/>\t\t\t\t\t\t\t\t\t\t\t\t\t\t\t<\/div>\n\t\t\t\t<\/div>\n\t\t\t\t<\/div>\n\t\t<div class=\"elementor-element elementor-element-e4ef6e5 e-con-full e-flex elementor-invisible e-con e-child\" data-id=\"e4ef6e5\" data-element_type=\"container\" data-e-type=\"container\" data-settings=\"{&quot;animation&quot;:&quot;fadeInLeft&quot;}\">\n\t\t\t\t<div class=\"elementor-element elementor-element-a8d686a elementor-widget elementor-widget-heading\" data-id=\"a8d686a\" data-element_type=\"widget\" data-e-type=\"widget\" data-widget_type=\"heading.default\">\n\t\t\t\t<div class=\"elementor-widget-container\">\n\t\t\t\t\t<h3 class=\"elementor-heading-title elementor-size-default\">D\u00e9ballage\n\n\n<\/h3>\t\t\t\t<\/div>\n\t\t\t\t<\/div>\n\t\t\t\t<\/div>\n\t\t<div class=\"elementor-element elementor-element-a6b49bd e-con-full e-flex e-con e-child\" data-id=\"a6b49bd\" data-element_type=\"container\" data-e-type=\"container\">\n\t\t\t\t<div class=\"elementor-element elementor-element-1f9fb42 elementor-invisible elementor-widget elementor-widget-text-editor\" data-id=\"1f9fb42\" data-element_type=\"widget\" data-e-type=\"widget\" data-settings=\"{&quot;_animation&quot;:&quot;fadeInLeft&quot;}\" data-widget_type=\"text-editor.default\">\n\t\t\t\t<div class=\"elementor-widget-container\">\n\t\t\t\t\t\t\t\t\t<p>\u00a0Les marchands sont pour la plupart itin\u00e9rants. Ils parcourent les routes et vont de maisons en maisons r\u00e9cup\u00e9rer un pass\u00e9 d\u00e9laiss\u00e9 pour l\u2019offrir aux yeux des plus passionn\u00e9s, des chineurs et collectionneurs du monde entier. C\u2019est ici, au milieu des 400 places de d\u00e9ballage que la marchandise remonte le temps et que cet \u00e9change se traduit souvent par un langage d\u2019initi\u00e9s et de codes commerciaux qu\u2019il faut conna\u00eetre pour obtenir le meilleur prix. <\/p>\t\t\t\t\t\t\t\t<\/div>\n\t\t\t\t<\/div>\n\t\t\t\t<\/div>\n\t\t\t\t\t<\/div>\n\t\t\t\t<\/div>\n\t\t<div class=\"elementor-element elementor-element-5a1214f e-flex e-con-boxed e-con e-parent\" data-id=\"5a1214f\" data-element_type=\"container\" data-e-type=\"container\">\n\t\t\t\t\t<div class=\"e-con-inner\">\n\t\t\t\t<div class=\"elementor-element elementor-element-8e4eca0 elementor-widget-divider--view-line elementor-widget elementor-widget-divider\" data-id=\"8e4eca0\" data-element_type=\"widget\" data-e-type=\"widget\" data-widget_type=\"divider.default\">\n\t\t\t\t<div class=\"elementor-widget-container\">\n\t\t\t\t\t\t\t<div class=\"elementor-divider\">\n\t\t\t<span class=\"elementor-divider-separator\">\n\t\t\t\t\t\t<\/span>\n\t\t<\/div>\n\t\t\t\t\t\t<\/div>\n\t\t\t\t<\/div>\n\t\t\t\t\t<\/div>\n\t\t\t\t<\/div>\n\t\t<div class=\"elementor-element elementor-element-c720f45 e-flex e-con-boxed e-con e-parent\" data-id=\"c720f45\" data-element_type=\"container\" data-e-type=\"container\">\n\t\t\t\t\t<div class=\"e-con-inner\">\n\t\t\t\t<div class=\"elementor-element elementor-element-589dfa9 elementor-widget elementor-widget-heading\" data-id=\"589dfa9\" data-element_type=\"widget\" data-e-type=\"widget\" data-widget_type=\"heading.default\">\n\t\t\t\t<div class=\"elementor-widget-container\">\n\t\t\t\t\t<h2 class=\"elementor-heading-title elementor-size-default\">D\u00e9couvrez les quartiers sur le plan des Puces du Canal<\/h2>\t\t\t\t<\/div>\n\t\t\t\t<\/div>\n\t\t\t\t<div class=\"elementor-element elementor-element-b7295cf elementor-widget elementor-widget-image\" data-id=\"b7295cf\" data-element_type=\"widget\" data-e-type=\"widget\" data-widget_type=\"image.default\">\n\t\t\t\t<div class=\"elementor-widget-container\">\n\t\t\t\t\t\t\t\t\t\t\t\t\t\t\t<img loading=\"lazy\" decoding=\"async\" width=\"724\" height=\"1024\" src=\"https:\/\/www.pucesducanal.com\/wp-content\/uploads\/2026\/03\/Plan-G-PDC-BD-724x1024.jpg\" class=\"attachment-large size-large wp-image-11398\" alt=\"\" srcset=\"https:\/\/www.pucesducanal.com\/wp-content\/uploads\/2026\/03\/Plan-G-PDC-BD-724x1024.jpg 724w, https:\/\/www.pucesducanal.com\/wp-content\/uploads\/2026\/03\/Plan-G-PDC-BD-212x300.jpg 212w, https:\/\/www.pucesducanal.com\/wp-content\/uploads\/2026\/03\/Plan-G-PDC-BD-768x1086.jpg 768w, https:\/\/www.pucesducanal.com\/wp-content\/uploads\/2026\/03\/Plan-G-PDC-BD-1086x1536.jpg 1086w, https:\/\/www.pucesducanal.com\/wp-content\/uploads\/2026\/03\/Plan-G-PDC-BD-1448x2048.jpg 1448w, https:\/\/www.pucesducanal.com\/wp-content\/uploads\/2026\/03\/Plan-G-PDC-BD-8x12.jpg 8w, https:\/\/www.pucesducanal.com\/wp-content\/uploads\/2026\/03\/Plan-G-PDC-BD.jpg 1754w\" sizes=\"(max-width: 724px) 100vw, 724px\" \/>\t\t\t\t\t\t\t\t\t\t\t\t\t\t\t<\/div>\n\t\t\t\t<\/div>\n\t\t\t\t\t<\/div>\n\t\t\t\t<\/div>\n\t\t\t\t<\/div>\n\t\t","protected":false},"excerpt":{"rendered":"<p>Quartiers \u00a0Les Puces du Canal, un lieu pluriel qui associe divers quartiers, des hommes et des femmes passionn\u00e9s pour imaginer de nouvelles dynamiques collectives. On retrouve quatre univers d\u00e9di\u00e9s \u00e0 l\u2019art de vivre. Les Traboules Cet immense hangar couvert constitue l\u2019\u00e9crin d\u2019origine des Puces du Canal et reste le b\u00e2timent principal, consid\u00e9r\u00e9 comme le lieu [&hellip;]<\/p>\n","protected":false},"author":2,"featured_media":0,"parent":0,"menu_order":0,"comment_status":"closed","ping_status":"closed","template":"","meta":{"_acf_changed":false,"_exactmetrics_skip_tracking":false,"_exactmetrics_sitenote_active":false,"_exactmetrics_sitenote_note":"","_exactmetrics_sitenote_category":0,"footnotes":""},"class_list":["post-4093","page","type-page","status-publish","hentry"],"acf":[],"aioseo_notices":[],"_links":{"self":[{"href":"https:\/\/www.pucesducanal.com\/fr\/wp-json\/wp\/v2\/pages\/4093","targetHints":{"allow":["GET"]}}],"collection":[{"href":"https:\/\/www.pucesducanal.com\/fr\/wp-json\/wp\/v2\/pages"}],"about":[{"href":"https:\/\/www.pucesducanal.com\/fr\/wp-json\/wp\/v2\/types\/page"}],"author":[{"embeddable":true,"href":"https:\/\/www.pucesducanal.com\/fr\/wp-json\/wp\/v2\/users\/2"}],"replies":[{"embeddable":true,"href":"https:\/\/www.pucesducanal.com\/fr\/wp-json\/wp\/v2\/comments?post=4093"}],"version-history":[{"count":8,"href":"https:\/\/www.pucesducanal.com\/fr\/wp-json\/wp\/v2\/pages\/4093\/revisions"}],"predecessor-version":[{"id":11407,"href":"https:\/\/www.pucesducanal.com\/fr\/wp-json\/wp\/v2\/pages\/4093\/revisions\/11407"}],"wp:attachment":[{"href":"https:\/\/www.pucesducanal.com\/fr\/wp-json\/wp\/v2\/media?parent=4093"}],"curies":[{"name":"wp","href":"https:\/\/api.w.org\/{rel}","templated":true}]}}