{"id":4047,"date":"2019-03-24T20:44:47","date_gmt":"2019-03-24T19:44:47","guid":{"rendered":"https:\/\/dev.pucesducanal.com\/?page_id=4047"},"modified":"2025-10-31T09:11:56","modified_gmt":"2025-10-31T08:11:56","slug":"histoire","status":"publish","type":"page","link":"https:\/\/www.pucesducanal.com\/fr\/histoire\/","title":{"rendered":"Histoire"},"content":{"rendered":"\t\t<div data-elementor-type=\"wp-page\" data-elementor-id=\"4047\" class=\"elementor elementor-4047\">\n\t\t\t\t<div class=\"elementor-element elementor-element-8c8bca9 e-flex e-con-boxed e-con e-parent\" data-id=\"8c8bca9\" data-element_type=\"container\" data-e-type=\"container\">\n\t\t\t\t\t<div class=\"e-con-inner\">\n\t\t<div class=\"elementor-element elementor-element-2f1614d e-con-full e-flex e-con e-child\" data-id=\"2f1614d\" data-element_type=\"container\" data-e-type=\"container\">\n\t\t\t\t<div class=\"elementor-element elementor-element-338a6a5 elementor-widget elementor-widget-heading\" data-id=\"338a6a5\" data-element_type=\"widget\" data-e-type=\"widget\" data-widget_type=\"heading.default\">\n\t\t\t\t<div class=\"elementor-widget-container\">\n\t\t\t\t\t<h1 class=\"elementor-heading-title elementor-size-default\">Histoire<\/h1>\t\t\t\t<\/div>\n\t\t\t\t<\/div>\n\t\t\t\t<div class=\"elementor-element elementor-element-47f77a5 elementor-widget elementor-widget-text-editor\" data-id=\"47f77a5\" data-element_type=\"widget\" data-e-type=\"widget\" data-widget_type=\"text-editor.default\">\n\t\t\t\t<div class=\"elementor-widget-container\">\n\t\t\t\t\t\t\t\t\t<h6>\u00c0 propos des Puces du Canal<\/h6>\n<p>Cr\u00e9\u00e9es au si\u00e8cle dernier et install\u00e9es \u00e0 Villeurbanne le long du Canal de Jonage depuis plus de 30 ans, les Puces du Canal s\u2019inscrivent dans un h\u00e9ritage fort, celui des foires et des espaces marchands, dont Lyon constitue l\u2019une des places centrales en France et en Europe.<\/p>\n<p>V\u00e9ritable paradis pour les chineurs et amateurs d\u2019objets anciens, ce melting-pot de styles et de genres fait aujourd\u2019hui le succ\u00e8s de ce tout premier march\u00e9 en Auvergne-Rh\u00f4ne-Alpes qui tient la deuxi\u00e8me place en France apr\u00e8s Saint-Ouen.<\/p>\n<p>Un mus\u00e9e \u00e0 ciel ouvert construit autour de marchands passionn\u00e9s et d\u2019une offre de grande qualit\u00e9.<\/p>\t\t\t\t\t\t\t\t<\/div>\n\t\t\t\t<\/div>\n\t\t\t\t<div class=\"elementor-element elementor-element-a22033d elementor-widget elementor-widget-button\" data-id=\"a22033d\" data-element_type=\"widget\" data-e-type=\"widget\" data-widget_type=\"button.default\">\n\t\t\t\t<div class=\"elementor-widget-container\">\n\t\t\t\t\t\t\t\t\t<div class=\"elementor-button-wrapper\">\n\t\t\t\t\t<a class=\"elementor-button elementor-button-link elementor-size-sm\" href=\"\/actualites\">\n\t\t\t\t\t\t<span class=\"elementor-button-content-wrapper\">\n\t\t\t\t\t\t\t\t\t<span class=\"elementor-button-text\">D\u00e9couvrir les actualit\u00e9s<\/span>\n\t\t\t\t\t<\/span>\n\t\t\t\t\t<\/a>\n\t\t\t\t<\/div>\n\t\t\t\t\t\t\t\t<\/div>\n\t\t\t\t<\/div>\n\t\t\t\t<\/div>\n\t\t<div class=\"elementor-element elementor-element-189660d e-con-full e-flex e-con e-child\" data-id=\"189660d\" data-element_type=\"container\" data-e-type=\"container\">\n\t\t\t\t<div class=\"elementor-element elementor-element-979c4f0 elementor-widget elementor-widget-heading\" data-id=\"979c4f0\" data-element_type=\"widget\" data-e-type=\"widget\" data-widget_type=\"heading.default\">\n\t\t\t\t<div class=\"elementor-widget-container\">\n\t\t\t\t\t<span class=\"elementor-heading-title elementor-size-default\">Depuis<\/span>\t\t\t\t<\/div>\n\t\t\t\t<\/div>\n\t\t\t\t<div class=\"elementor-element elementor-element-e34469f elementor-widget elementor-widget-counter\" data-id=\"e34469f\" data-element_type=\"widget\" data-e-type=\"widget\" data-widget_type=\"counter.default\">\n\t\t\t\t<div class=\"elementor-widget-container\">\n\t\t\t\t\t\t\t<div class=\"elementor-counter\">\n\t\t\t\t\t\t<div class=\"elementor-counter-number-wrapper\">\n\t\t\t\t<span class=\"elementor-counter-number-prefix\"><\/span>\n\t\t\t\t<span class=\"elementor-counter-number\" data-duration=\"2000\" data-to-value=\"1995\" data-from-value=\"0\">0<\/span>\n\t\t\t\t<span class=\"elementor-counter-number-suffix\"><\/span>\n\t\t\t<\/div>\n\t\t<\/div>\n\t\t\t\t\t\t<\/div>\n\t\t\t\t<\/div>\n\t\t\t\t<div class=\"elementor-element elementor-element-8e72891 elementor-widget elementor-widget-image\" data-id=\"8e72891\" data-element_type=\"widget\" data-e-type=\"widget\" data-widget_type=\"image.default\">\n\t\t\t\t<div class=\"elementor-widget-container\">\n\t\t\t\t\t\t\t\t\t\t\t\t\t\t\t<img fetchpriority=\"high\" decoding=\"async\" width=\"1024\" height=\"732\" src=\"https:\/\/www.pucesducanal.com\/wp-content\/uploads\/2019\/03\/0609-1024x732.jpg\" class=\"attachment-large size-large wp-image-4270\" alt=\"\" srcset=\"https:\/\/www.pucesducanal.com\/wp-content\/uploads\/2019\/03\/0609-1024x732.jpg 1024w, https:\/\/www.pucesducanal.com\/wp-content\/uploads\/2019\/03\/0609-300x214.jpg 300w, https:\/\/www.pucesducanal.com\/wp-content\/uploads\/2019\/03\/0609-768x549.jpg 768w\" sizes=\"(max-width: 1024px) 100vw, 1024px\" \/>\t\t\t\t\t\t\t\t\t\t\t\t\t\t\t<\/div>\n\t\t\t\t<\/div>\n\t\t\t\t<\/div>\n\t\t\t\t\t<\/div>\n\t\t\t\t<\/div>\n\t\t<div class=\"elementor-element elementor-element-d7b8ded e-flex e-con-boxed e-con e-parent\" data-id=\"d7b8ded\" data-element_type=\"container\" data-e-type=\"container\">\n\t\t\t\t\t<div class=\"e-con-inner\">\n\t\t<div class=\"elementor-element elementor-element-f515c46 e-con-full e-flex e-con e-child\" data-id=\"f515c46\" data-element_type=\"container\" data-e-type=\"container\">\n\t\t\t\t<div class=\"elementor-element elementor-element-c0be9df elementor-invisible elementor-widget elementor-widget-image\" data-id=\"c0be9df\" data-element_type=\"widget\" data-e-type=\"widget\" data-settings=\"{&quot;_animation&quot;:&quot;fadeInUp&quot;}\" data-widget_type=\"image.default\">\n\t\t\t\t<div class=\"elementor-widget-container\">\n\t\t\t\t\t\t\t\t\t\t\t\t\t\t\t<img decoding=\"async\" width=\"683\" height=\"1024\" src=\"https:\/\/www.pucesducanal.com\/wp-content\/uploads\/2021\/08\/395-683x1024.jpg\" class=\"attachment-large size-large wp-image-6996\" alt=\"\" srcset=\"https:\/\/www.pucesducanal.com\/wp-content\/uploads\/2021\/08\/395-683x1024.jpg 683w, https:\/\/www.pucesducanal.com\/wp-content\/uploads\/2021\/08\/395-200x300.jpg 200w, https:\/\/www.pucesducanal.com\/wp-content\/uploads\/2021\/08\/395-scaled.jpg 1707w\" sizes=\"(max-width: 683px) 100vw, 683px\" \/>\t\t\t\t\t\t\t\t\t\t\t\t\t\t\t<\/div>\n\t\t\t\t<\/div>\n\t\t\t\t<\/div>\n\t\t<div class=\"elementor-element elementor-element-aef57b9 e-con-full e-flex e-con e-child\" data-id=\"aef57b9\" data-element_type=\"container\" data-e-type=\"container\">\n\t\t\t\t<div class=\"elementor-element elementor-element-c806f3e elementor-widget elementor-widget-heading\" data-id=\"c806f3e\" data-element_type=\"widget\" data-e-type=\"widget\" data-widget_type=\"heading.default\">\n\t\t\t\t<div class=\"elementor-widget-container\">\n\t\t\t\t\t<h2 class=\"elementor-heading-title elementor-size-default\">Quelques chiffres<\/h2>\t\t\t\t<\/div>\n\t\t\t\t<\/div>\n\t\t\t\t<div class=\"elementor-element elementor-element-7ec21ae elementor-widget elementor-widget-text-editor\" data-id=\"7ec21ae\" data-element_type=\"widget\" data-e-type=\"widget\" data-widget_type=\"text-editor.default\">\n\t\t\t\t<div class=\"elementor-widget-container\">\n\t\t\t\t\t\t\t\t\t<p><strong>2 \u00e8me<\/strong>\u00a0march\u00e9 de France \/\u00a0<strong>5 \u00e8me\u00a0<\/strong>march\u00e9 d\u2019Europe<\/p><p><strong>1 demi-million<\/strong>\u00a0de visiteurs par an<\/p><p><strong>6<\/strong>\u00a0hectares \/\u00a0<strong>500\u00a0<\/strong>marchands-exposants<\/p><p><strong>200\u00a0<\/strong>boutiques \/\u00a0<strong>400<\/strong>\u00a0places de d\u00e9ballage ext\u00e9rieur<\/p><p><strong>5<\/strong>\u00a0bars\/restaurants \/\u00a0<strong>1<\/strong>\u00a0brasserie,\u00a01\u00a0guinguette<br \/><strong>1<\/strong>\u00a0boulangerie,\u00a0\u00a0<strong>1<\/strong>\u00a0primeur,\u00a0<strong>1<\/strong>\u00a0fleuriste<\/p><p><strong>1<\/strong>\u00a0chapiteau de\u00a0<strong>1000 m2<\/strong>\u00a0(50 \u00e0 700 personnes)<\/p><p><strong>500\u00a0<\/strong>places de stationnement<\/p>\t\t\t\t\t\t\t\t<\/div>\n\t\t\t\t<\/div>\n\t\t\t\t<div class=\"elementor-element elementor-element-a275e68 elementor-widget elementor-widget-button\" data-id=\"a275e68\" data-element_type=\"widget\" data-e-type=\"widget\" data-widget_type=\"button.default\">\n\t\t\t\t<div class=\"elementor-widget-container\">\n\t\t\t\t\t\t\t\t\t<div class=\"elementor-button-wrapper\">\n\t\t\t\t\t<a class=\"elementor-button elementor-button-link elementor-size-sm\" href=\"\/marchands\">\n\t\t\t\t\t\t<span class=\"elementor-button-content-wrapper\">\n\t\t\t\t\t\t\t\t\t<span class=\"elementor-button-text\">D\u00e9couvrir les marchands<\/span>\n\t\t\t\t\t<\/span>\n\t\t\t\t\t<\/a>\n\t\t\t\t<\/div>\n\t\t\t\t\t\t\t\t<\/div>\n\t\t\t\t<\/div>\n\t\t\t\t<\/div>\n\t\t\t\t\t<\/div>\n\t\t\t\t<\/div>\n\t\t<div class=\"elementor-element elementor-element-0526521 e-flex e-con-boxed e-con e-parent\" data-id=\"0526521\" data-element_type=\"container\" data-e-type=\"container\">\n\t\t\t\t\t<div class=\"e-con-inner\">\n\t\t<div class=\"elementor-element elementor-element-8e0b941 e-con-full e-flex e-con e-child\" data-id=\"8e0b941\" data-element_type=\"container\" data-e-type=\"container\">\n\t\t\t\t<div class=\"elementor-element elementor-element-cf1565a elementor-invisible elementor-widget elementor-widget-heading\" data-id=\"cf1565a\" data-element_type=\"widget\" data-e-type=\"widget\" data-settings=\"{&quot;_animation&quot;:&quot;slideInDown&quot;}\" data-widget_type=\"heading.default\">\n\t\t\t\t<div class=\"elementor-widget-container\">\n\t\t\t\t\t<h2 class=\"elementor-heading-title elementor-size-default\">Cit\u00e9 de l\u2019Objet<\/h2>\t\t\t\t<\/div>\n\t\t\t\t<\/div>\n\t\t\t\t<div class=\"elementor-element elementor-element-24ab77d elementor-invisible elementor-widget elementor-widget-text-editor\" data-id=\"24ab77d\" data-element_type=\"widget\" data-e-type=\"widget\" data-settings=\"{&quot;_animation&quot;:&quot;fadeInUp&quot;}\" data-widget_type=\"text-editor.default\">\n\t\t\t\t<div class=\"elementor-widget-container\">\n\t\t\t\t\t\t\t\t\t<p>Quand le panache de l\u2019antiquit\u00e9 rencontre l\u2019originalit\u00e9 du vintage, l\u2019audace du design et la cr\u00e9ativit\u00e9 de l\u2019artiste, il en d\u00e9coule un lieu atypique, \u00e9clectique et convivial.<\/p><p>Les Puces du Canal sont \u00e0 la fois un lieu d\u2019exposition et de rencontres o\u00f9 se m\u00ealent les styles et les genres. Du n\u00e9ophyte jusqu\u2019au collectionneur en passant par le touriste, les visiteurs se croisent et s\u2019apprivoisent autour des objets.<\/p><p>Un cabinet de curiosit\u00e9s grandeur nature qui invite \u00e0 la fl\u00e2nerie, au marchandage, aux rencontres parfois surprenantes\u2026 Ici, la vie des marchands passionn\u00e9s croise celle de visiteurs issus de tous horizons.<\/p>\t\t\t\t\t\t\t\t<\/div>\n\t\t\t\t<\/div>\n\t\t\t\t<div class=\"elementor-element elementor-element-2a5fbcf elementor-widget elementor-widget-button\" data-id=\"2a5fbcf\" data-element_type=\"widget\" data-e-type=\"widget\" data-widget_type=\"button.default\">\n\t\t\t\t<div class=\"elementor-widget-container\">\n\t\t\t\t\t\t\t\t\t<div class=\"elementor-button-wrapper\">\n\t\t\t\t\t<a class=\"elementor-button elementor-button-link elementor-size-sm\" href=\"\/quartiers\">\n\t\t\t\t\t\t<span class=\"elementor-button-content-wrapper\">\n\t\t\t\t\t\t\t\t\t<span class=\"elementor-button-text\">D\u00e9couvrir les quartiers<\/span>\n\t\t\t\t\t<\/span>\n\t\t\t\t\t<\/a>\n\t\t\t\t<\/div>\n\t\t\t\t\t\t\t\t<\/div>\n\t\t\t\t<\/div>\n\t\t\t\t<\/div>\n\t\t<div class=\"elementor-element elementor-element-29b0755 e-con-full e-flex e-con e-child\" data-id=\"29b0755\" data-element_type=\"container\" data-e-type=\"container\">\n\t\t\t\t<div class=\"elementor-element elementor-element-c9d2f09 elementor-invisible elementor-widget elementor-widget-image\" data-id=\"c9d2f09\" data-element_type=\"widget\" data-e-type=\"widget\" data-settings=\"{&quot;_animation&quot;:&quot;fadeInUp&quot;}\" data-widget_type=\"image.default\">\n\t\t\t\t<div class=\"elementor-widget-container\">\n\t\t\t\t\t\t\t\t\t\t\t\t\t\t\t<img decoding=\"async\" width=\"683\" height=\"1024\" src=\"https:\/\/www.pucesducanal.com\/wp-content\/uploads\/2021\/08\/354-683x1024.jpg\" class=\"attachment-large size-large wp-image-7040\" alt=\"\" srcset=\"https:\/\/www.pucesducanal.com\/wp-content\/uploads\/2021\/08\/354-683x1024.jpg 683w, https:\/\/www.pucesducanal.com\/wp-content\/uploads\/2021\/08\/354-200x300.jpg 200w, https:\/\/www.pucesducanal.com\/wp-content\/uploads\/2021\/08\/354-scaled.jpg 1707w\" sizes=\"(max-width: 683px) 100vw, 683px\" \/>\t\t\t\t\t\t\t\t\t\t\t\t\t\t\t<\/div>\n\t\t\t\t<\/div>\n\t\t\t\t<\/div>\n\t\t\t\t\t<\/div>\n\t\t\t\t<\/div>\n\t\t\t\t<\/div>\n\t\t","protected":false},"excerpt":{"rendered":"<p>Histoire \u00c0 propos des Puces du Canal Cr\u00e9\u00e9es au si\u00e8cle dernier et install\u00e9es \u00e0 Villeurbanne le long du Canal de Jonage depuis plus de 30 ans, les Puces du Canal s\u2019inscrivent dans un h\u00e9ritage fort, celui des foires et des espaces marchands, dont Lyon constitue l\u2019une des places centrales en France et en Europe. V\u00e9ritable [&hellip;]<\/p>\n","protected":false},"author":2,"featured_media":0,"parent":0,"menu_order":0,"comment_status":"closed","ping_status":"closed","template":"","meta":{"_acf_changed":false,"_exactmetrics_skip_tracking":false,"_exactmetrics_sitenote_active":false,"_exactmetrics_sitenote_note":"","_exactmetrics_sitenote_category":0,"footnotes":""},"class_list":["post-4047","page","type-page","status-publish","hentry"],"acf":[],"aioseo_notices":[],"_links":{"self":[{"href":"https:\/\/www.pucesducanal.com\/fr\/wp-json\/wp\/v2\/pages\/4047","targetHints":{"allow":["GET"]}}],"collection":[{"href":"https:\/\/www.pucesducanal.com\/fr\/wp-json\/wp\/v2\/pages"}],"about":[{"href":"https:\/\/www.pucesducanal.com\/fr\/wp-json\/wp\/v2\/types\/page"}],"author":[{"embeddable":true,"href":"https:\/\/www.pucesducanal.com\/fr\/wp-json\/wp\/v2\/users\/2"}],"replies":[{"embeddable":true,"href":"https:\/\/www.pucesducanal.com\/fr\/wp-json\/wp\/v2\/comments?post=4047"}],"version-history":[{"count":8,"href":"https:\/\/www.pucesducanal.com\/fr\/wp-json\/wp\/v2\/pages\/4047\/revisions"}],"predecessor-version":[{"id":11121,"href":"https:\/\/www.pucesducanal.com\/fr\/wp-json\/wp\/v2\/pages\/4047\/revisions\/11121"}],"wp:attachment":[{"href":"https:\/\/www.pucesducanal.com\/fr\/wp-json\/wp\/v2\/media?parent=4047"}],"curies":[{"name":"wp","href":"https:\/\/api.w.org\/{rel}","templated":true}]}}