{"id":11396,"date":"2026-03-18T15:32:28","date_gmt":"2026-03-18T14:32:28","guid":{"rendered":"https:\/\/www.pucesducanal.com\/?page_id=11396"},"modified":"2026-03-18T15:37:17","modified_gmt":"2026-03-18T14:37:17","slug":"plan","status":"publish","type":"page","link":"https:\/\/www.pucesducanal.com\/fr\/plan\/","title":{"rendered":"Plan des Puces du Canal"},"content":{"rendered":"\t\t<div data-elementor-type=\"wp-page\" data-elementor-id=\"11396\" class=\"elementor elementor-11396\">\n\t\t\t\t<div class=\"elementor-element elementor-element-527358e e-flex e-con-boxed e-con e-parent\" data-id=\"527358e\" data-element_type=\"container\" data-e-type=\"container\">\n\t\t\t\t\t<div class=\"e-con-inner\">\n\t\t\t\t<div class=\"elementor-element elementor-element-d9a61f1 elementor-widget elementor-widget-heading\" data-id=\"d9a61f1\" data-element_type=\"widget\" data-e-type=\"widget\" data-widget_type=\"heading.default\">\n\t\t\t\t<div class=\"elementor-widget-container\">\n\t\t\t\t\t<h2 class=\"elementor-heading-title elementor-size-default\">200 boutiques sur 6 hectares<\/h2>\t\t\t\t<\/div>\n\t\t\t\t<\/div>\n\t\t\t\t<div class=\"elementor-element elementor-element-3f3cd63 elementor-widget elementor-widget-text-editor\" data-id=\"3f3cd63\" data-element_type=\"widget\" data-e-type=\"widget\" data-widget_type=\"text-editor.default\">\n\t\t\t\t<div class=\"elementor-widget-container\">\n\t\t\t\t\t\t\t\t\t<p>Pour vous aider \u00e0 vous rep\u00e9rer parmi les 200 boutiques, 400 places de d\u00e9ballage ext\u00e9rieur, 7 restaurants, le fleuriste, la boulangerie-p\u00e2tisserie ou encore l&rsquo;\u00e9picerie, n&rsquo;h\u00e9sitez pas \u00e0 demander votre chemin ou \u00e0 vous r\u00e9f\u00e9rer au plan ci-dessous :<\/p>\t\t\t\t\t\t\t\t<\/div>\n\t\t\t\t<\/div>\n\t\t\t\t<div class=\"elementor-element elementor-element-63d4899 elementor-widget elementor-widget-image\" data-id=\"63d4899\" data-element_type=\"widget\" data-e-type=\"widget\" data-widget_type=\"image.default\">\n\t\t\t\t<div class=\"elementor-widget-container\">\n\t\t\t\t\t\t\t\t\t\t\t\t<figure class=\"wp-caption\">\n\t\t\t\t\t\t\t\t\t\t\t<a href=\"https:\/\/www.pucesducanal.com\/wp-content\/uploads\/2026\/03\/Plan-G-PDC-HD-scaled.jpg\" data-elementor-open-lightbox=\"no\">\n\t\t\t\t\t\t\t<img fetchpriority=\"high\" decoding=\"async\" width=\"724\" height=\"1024\" src=\"https:\/\/www.pucesducanal.com\/wp-content\/uploads\/2026\/03\/Plan-G-PDC-HD-724x1024.jpg\" class=\"attachment-large size-large wp-image-11401\" alt=\"\" srcset=\"https:\/\/www.pucesducanal.com\/wp-content\/uploads\/2026\/03\/Plan-G-PDC-HD-724x1024.jpg 724w, https:\/\/www.pucesducanal.com\/wp-content\/uploads\/2026\/03\/Plan-G-PDC-HD-212x300.jpg 212w, https:\/\/www.pucesducanal.com\/wp-content\/uploads\/2026\/03\/Plan-G-PDC-HD-768x1086.jpg 768w, https:\/\/www.pucesducanal.com\/wp-content\/uploads\/2026\/03\/Plan-G-PDC-HD-1086x1536.jpg 1086w, https:\/\/www.pucesducanal.com\/wp-content\/uploads\/2026\/03\/Plan-G-PDC-HD-1448x2048.jpg 1448w, https:\/\/www.pucesducanal.com\/wp-content\/uploads\/2026\/03\/Plan-G-PDC-HD-8x12.jpg 8w, https:\/\/www.pucesducanal.com\/wp-content\/uploads\/2026\/03\/Plan-G-PDC-HD-scaled.jpg 1810w\" sizes=\"(max-width: 724px) 100vw, 724px\" \/>\t\t\t\t\t\t\t\t<\/a>\n\t\t\t\t\t\t\t\t\t\t\t<figcaption class=\"widget-image-caption wp-caption-text\">Plan g\u00e9n\u00e9ral des Puces du Canal<\/figcaption>\n\t\t\t\t\t\t\t\t\t\t<\/figure>\n\t\t\t\t\t\t\t\t\t<\/div>\n\t\t\t\t<\/div>\n\t\t\t\t<div class=\"elementor-element elementor-element-6015169 elementor-widget elementor-widget-text-editor\" data-id=\"6015169\" data-element_type=\"widget\" data-e-type=\"widget\" data-widget_type=\"text-editor.default\">\n\t\t\t\t<div class=\"elementor-widget-container\">\n\t\t\t\t\t\t\t\t\t<p>Vous avez le num\u00e9ro de boutique d&rsquo;un marchand en particulier, utilisez le plan num\u00e9rot\u00e9 ci-dessous :<\/p>\t\t\t\t\t\t\t\t<\/div>\n\t\t\t\t<\/div>\n\t\t\t\t<div class=\"elementor-element elementor-element-6d377c6 elementor-widget elementor-widget-image\" data-id=\"6d377c6\" data-element_type=\"widget\" data-e-type=\"widget\" data-widget_type=\"image.default\">\n\t\t\t\t<div class=\"elementor-widget-container\">\n\t\t\t\t\t\t\t\t\t\t\t\t<figure class=\"wp-caption\">\n\t\t\t\t\t\t\t\t\t\t\t<a href=\"https:\/\/www.pucesducanal.com\/wp-content\/uploads\/2026\/03\/Plan-N\u00b0-PDC-HD-scaled.jpg\" data-elementor-open-lightbox=\"no\">\n\t\t\t\t\t\t\t<img decoding=\"async\" width=\"724\" height=\"1024\" src=\"https:\/\/www.pucesducanal.com\/wp-content\/uploads\/2026\/03\/Plan-N\u00b0-PDC-HD-724x1024.jpg\" class=\"attachment-large size-large wp-image-11400\" alt=\"\" srcset=\"https:\/\/www.pucesducanal.com\/wp-content\/uploads\/2026\/03\/Plan-N\u00b0-PDC-HD-724x1024.jpg 724w, https:\/\/www.pucesducanal.com\/wp-content\/uploads\/2026\/03\/Plan-N\u00b0-PDC-HD-212x300.jpg 212w, https:\/\/www.pucesducanal.com\/wp-content\/uploads\/2026\/03\/Plan-N\u00b0-PDC-HD-768x1086.jpg 768w, https:\/\/www.pucesducanal.com\/wp-content\/uploads\/2026\/03\/Plan-N\u00b0-PDC-HD-1086x1536.jpg 1086w, https:\/\/www.pucesducanal.com\/wp-content\/uploads\/2026\/03\/Plan-N\u00b0-PDC-HD-1448x2048.jpg 1448w, https:\/\/www.pucesducanal.com\/wp-content\/uploads\/2026\/03\/Plan-N\u00b0-PDC-HD-8x12.jpg 8w, https:\/\/www.pucesducanal.com\/wp-content\/uploads\/2026\/03\/Plan-N\u00b0-PDC-HD-scaled.jpg 1810w\" sizes=\"(max-width: 724px) 100vw, 724px\" \/>\t\t\t\t\t\t\t\t<\/a>\n\t\t\t\t\t\t\t\t\t\t\t<figcaption class=\"widget-image-caption wp-caption-text\">Plan num\u00e9rot\u00e9 des Puces du Canal<\/figcaption>\n\t\t\t\t\t\t\t\t\t\t<\/figure>\n\t\t\t\t\t\t\t\t\t<\/div>\n\t\t\t\t<\/div>\n\t\t\t\t\t<\/div>\n\t\t\t\t<\/div>\n\t\t\t\t<\/div>\n\t\t","protected":false},"excerpt":{"rendered":"<p>200 boutiques sur 6 hectares Pour vous aider \u00e0 vous rep\u00e9rer parmi les 200 boutiques, 400 places de d\u00e9ballage ext\u00e9rieur, 7 restaurants, le fleuriste, la boulangerie-p\u00e2tisserie ou encore l&rsquo;\u00e9picerie, n&rsquo;h\u00e9sitez pas \u00e0 demander votre chemin ou \u00e0 vous r\u00e9f\u00e9rer au plan ci-dessous : Plan g\u00e9n\u00e9ral des Puces du Canal Vous avez le num\u00e9ro de boutique [&hellip;]<\/p>\n","protected":false},"author":2,"featured_media":0,"parent":0,"menu_order":0,"comment_status":"closed","ping_status":"closed","template":"","meta":{"_acf_changed":false,"_exactmetrics_skip_tracking":false,"_exactmetrics_sitenote_active":false,"_exactmetrics_sitenote_note":"","_exactmetrics_sitenote_category":0,"footnotes":""},"class_list":["post-11396","page","type-page","status-publish","hentry"],"acf":[],"aioseo_notices":[],"_links":{"self":[{"href":"https:\/\/www.pucesducanal.com\/fr\/wp-json\/wp\/v2\/pages\/11396","targetHints":{"allow":["GET"]}}],"collection":[{"href":"https:\/\/www.pucesducanal.com\/fr\/wp-json\/wp\/v2\/pages"}],"about":[{"href":"https:\/\/www.pucesducanal.com\/fr\/wp-json\/wp\/v2\/types\/page"}],"author":[{"embeddable":true,"href":"https:\/\/www.pucesducanal.com\/fr\/wp-json\/wp\/v2\/users\/2"}],"replies":[{"embeddable":true,"href":"https:\/\/www.pucesducanal.com\/fr\/wp-json\/wp\/v2\/comments?post=11396"}],"version-history":[{"count":4,"href":"https:\/\/www.pucesducanal.com\/fr\/wp-json\/wp\/v2\/pages\/11396\/revisions"}],"predecessor-version":[{"id":11404,"href":"https:\/\/www.pucesducanal.com\/fr\/wp-json\/wp\/v2\/pages\/11396\/revisions\/11404"}],"wp:attachment":[{"href":"https:\/\/www.pucesducanal.com\/fr\/wp-json\/wp\/v2\/media?parent=11396"}],"curies":[{"name":"wp","href":"https:\/\/api.w.org\/{rel}","templated":true}]}}