{"id":11079,"date":"2025-09-16T15:22:04","date_gmt":"2025-09-16T13:22:04","guid":{"rendered":"https:\/\/www.pucesducanal.com\/?page_id=11079"},"modified":"2026-04-01T15:31:24","modified_gmt":"2026-04-01T13:31:24","slug":"partenariat","status":"publish","type":"page","link":"https:\/\/www.pucesducanal.com\/fr\/partenariat\/","title":{"rendered":"Partenariats aux Puces du Canal"},"content":{"rendered":"\t\t<div data-elementor-type=\"wp-page\" data-elementor-id=\"11079\" class=\"elementor elementor-11079\">\n\t\t\t\t<div class=\"elementor-element elementor-element-86a92bf e-flex e-con-boxed e-con e-parent\" data-id=\"86a92bf\" data-element_type=\"container\" data-e-type=\"container\">\n\t\t\t\t\t<div class=\"e-con-inner\">\n\t\t\t\t<div class=\"elementor-element elementor-element-97d4975 elementor-widget elementor-widget-text-editor\" data-id=\"97d4975\" data-element_type=\"widget\" data-e-type=\"widget\" data-widget_type=\"text-editor.default\">\n\t\t\t\t<div class=\"elementor-widget-container\">\n\t\t\t\t\t\t\t\t\t<p data-start=\"810\" data-end=\"1133\">Lieu embl\u00e9matique de la r\u00e9gion lyonnaise, les <strong data-start=\"856\" data-end=\"874\">Puces du Canal<\/strong> accueillent chaque semaine des milliers de visiteurs passionn\u00e9s d\u2019antiquit\u00e9s, de vintage et d\u2019art de vivre.<br data-start=\"982\" data-end=\"985\" \/>En vous associant \u00e0 notre march\u00e9, vous b\u00e9n\u00e9ficiez d\u2019une visibilit\u00e9 exceptionnelle au c\u0153ur d\u2019un site patrimonial reconnu et en plein d\u00e9veloppement.<\/p><p data-start=\"1135\" data-end=\"1322\">Nous proposons diff\u00e9rentes <strong data-start=\"1162\" data-end=\"1193\">opportunit\u00e9s de partenariat<\/strong>, adapt\u00e9es \u00e0 vos besoins en communication et en notori\u00e9t\u00e9 : sur site, en ligne, sur nos r\u00e9seaux sociaux et via nos newsletters.<\/p>\t\t\t\t\t\t\t\t<\/div>\n\t\t\t\t<\/div>\n\t\t\t\t<div class=\"elementor-element elementor-element-05cb557 elementor-widget elementor-widget-heading\" data-id=\"05cb557\" data-element_type=\"widget\" data-e-type=\"widget\" data-widget_type=\"heading.default\">\n\t\t\t\t<div class=\"elementor-widget-container\">\n\t\t\t\t\t<h2 class=\"elementor-heading-title elementor-size-default\">Des opportunit\u00e9s de visibilit\u00e9 sur site<\/h2>\t\t\t\t<\/div>\n\t\t\t\t<\/div>\n\t\t\t\t<div class=\"elementor-element elementor-element-49002b9 elementor-widget elementor-widget-text-editor\" data-id=\"49002b9\" data-element_type=\"widget\" data-e-type=\"widget\" data-widget_type=\"text-editor.default\">\n\t\t\t\t<div class=\"elementor-widget-container\">\n\t\t\t\t\t\t\t\t\t<p data-start=\"1380\" data-end=\"1439\">Adresse : <strong data-start=\"1393\" data-end=\"1437\">5 rue Eug\u00e8ne Pottier, 69100 Villeurbanne<\/strong><\/p><ul data-start=\"1441\" data-end=\"1877\"><li data-start=\"1441\" data-end=\"1567\"><p data-start=\"1443\" data-end=\"1567\"><strong data-start=\"1443\" data-end=\"1469\">Affichage publicitaire<\/strong> : formats disponibles en <strong data-start=\"1495\" data-end=\"1501\">A3<\/strong> et <strong data-start=\"1505\" data-end=\"1511\">A1<\/strong>, positionn\u00e9s \u00e0 des emplacements strat\u00e9giques du site.<\/p><\/li><li data-start=\"1568\" data-end=\"1732\"><p data-start=\"1570\" data-end=\"1732\"><strong data-start=\"1570\" data-end=\"1599\">Organisation d\u2019\u00e9v\u00e9nements<\/strong> : privatisez un espace ou co-organisez un \u00e9v\u00e9nement pour mettre en avant votre marque dans une ambiance conviviale et authentique.<\/p><\/li><li data-start=\"1733\" data-end=\"1877\"><p data-start=\"1735\" data-end=\"1877\"><strong data-start=\"1735\" data-end=\"1762\">Sponsoring d\u2019animations<\/strong> : associez votre entreprise \u00e0 des animations culturelles, artistiques ou festives qui rythment la vie des Puces.<\/p><\/li><li data-start=\"1733\" data-end=\"1877\"><strong>Occupation \u00e9ph\u00e9m\u00e8re d&rsquo;une boutique<\/strong> : int\u00e9grez votre marque au sein des boutiques des Puces du Canal.<\/li><\/ul>\t\t\t\t\t\t\t\t<\/div>\n\t\t\t\t<\/div>\n\t\t\t\t<div class=\"elementor-element elementor-element-68cc3f5 elementor-widget elementor-widget-heading\" data-id=\"68cc3f5\" data-element_type=\"widget\" data-e-type=\"widget\" data-widget_type=\"heading.default\">\n\t\t\t\t<div class=\"elementor-widget-container\">\n\t\t\t\t\t<h2 class=\"elementor-heading-title elementor-size-default\">Une pr\u00e9sence digitale sur le site internet<\/h2>\t\t\t\t<\/div>\n\t\t\t\t<\/div>\n\t\t\t\t<div class=\"elementor-element elementor-element-ed32635 elementor-widget elementor-widget-text-editor\" data-id=\"ed32635\" data-element_type=\"widget\" data-e-type=\"widget\" data-widget_type=\"text-editor.default\">\n\t\t\t\t<div class=\"elementor-widget-container\">\n\t\t\t\t\t\t\t\t\t<p data-start=\"1938\" data-end=\"1995\"><a class=\"decorated-link\" href=\"https:\/\/www.pucesducanal.com\" target=\"_new\" rel=\"noopener\" data-start=\"1941\" data-end=\"1993\">www.pucesducanal.com<\/a><\/p><ul data-start=\"1997\" data-end=\"2288\"><li data-start=\"1997\" data-end=\"2086\"><p data-start=\"1999\" data-end=\"2086\"><strong data-start=\"1999\" data-end=\"2032\">Cr\u00e9ation d\u2019une page actualit\u00e9<\/strong> mettant en avant votre partenariat ou vos services.<\/p><\/li><li data-start=\"2087\" data-end=\"2215\"><p data-start=\"2089\" data-end=\"2215\"><strong data-start=\"2089\" data-end=\"2131\">Int\u00e9gration de banni\u00e8res publicitaires<\/strong> sur une ou plusieurs pages du site pour toucher une audience cibl\u00e9e et qualifi\u00e9e.<\/p><\/li><li data-start=\"2216\" data-end=\"2288\"><p data-start=\"2218\" data-end=\"2288\"><strong data-start=\"2218\" data-end=\"2253\">Mise en avant dans notre agenda<\/strong> pour les \u00e9v\u00e9nements coorganis\u00e9s.<\/p><\/li><\/ul><p>Lorem ipsum dolor sit amet, consectetur adipiscing elit. Ut elit tellus, luctus nec ullamcorper mattis, pulvinar dapibus leo.<\/p>\t\t\t\t\t\t\t\t<\/div>\n\t\t\t\t<\/div>\n\t\t\t\t<div class=\"elementor-element elementor-element-9b5f711 elementor-widget elementor-widget-heading\" data-id=\"9b5f711\" data-element_type=\"widget\" data-e-type=\"widget\" data-widget_type=\"heading.default\">\n\t\t\t\t<div class=\"elementor-widget-container\">\n\t\t\t\t\t<h2 class=\"elementor-heading-title elementor-size-default\">Une communication renforc\u00e9e sur les r\u00e9seaux sociaux<\/h2>\t\t\t\t<\/div>\n\t\t\t\t<\/div>\n\t\t\t\t<div class=\"elementor-element elementor-element-51f948c elementor-widget elementor-widget-text-editor\" data-id=\"51f948c\" data-element_type=\"widget\" data-e-type=\"widget\" data-widget_type=\"text-editor.default\">\n\t\t\t\t<div class=\"elementor-widget-container\">\n\t\t\t\t\t\t\t\t\t<p data-start=\"2358\" data-end=\"2394\"><em>Instagram, Facebook et LinkedIn<\/em><\/p><ul data-start=\"2396\" data-end=\"2640\"><li data-start=\"2396\" data-end=\"2475\"><p data-start=\"2398\" data-end=\"2475\"><strong data-start=\"2398\" data-end=\"2421\">Stories th\u00e9matiques<\/strong> : mise en avant cr\u00e9ative et cibl\u00e9e de votre marque.<\/p><\/li><li data-start=\"2476\" data-end=\"2561\"><p data-start=\"2478\" data-end=\"2561\"><strong data-start=\"2478\" data-end=\"2504\">Posts en collaboration<\/strong> pour une visibilit\u00e9 crois\u00e9e aupr\u00e8s de nos communaut\u00e9s.<\/p><\/li><li data-start=\"2562\" data-end=\"2640\"><p data-start=\"2564\" data-end=\"2640\"><strong data-start=\"2564\" data-end=\"2600\">Concours ou op\u00e9rations sp\u00e9ciales<\/strong> en partenariat avec votre entreprise.<\/p><\/li><\/ul>\t\t\t\t\t\t\t\t<\/div>\n\t\t\t\t<\/div>\n\t\t\t\t<div class=\"elementor-element elementor-element-1b8644d elementor-widget elementor-widget-heading\" data-id=\"1b8644d\" data-element_type=\"widget\" data-e-type=\"widget\" data-widget_type=\"heading.default\">\n\t\t\t\t<div class=\"elementor-widget-container\">\n\t\t\t\t\t<h2 class=\"elementor-heading-title elementor-size-default\">Une diffusion dans nos newsletters<\/h2>\t\t\t\t<\/div>\n\t\t\t\t<\/div>\n\t\t\t\t<div class=\"elementor-element elementor-element-c056016 elementor-widget elementor-widget-text-editor\" data-id=\"c056016\" data-element_type=\"widget\" data-e-type=\"widget\" data-widget_type=\"text-editor.default\">\n\t\t\t\t<div class=\"elementor-widget-container\">\n\t\t\t\t\t\t\t\t\t<p data-start=\"2693\" data-end=\"2727\">Deux newsletters r\u00e9guli\u00e8res :<\/p><ul data-start=\"2728\" data-end=\"2905\"><li data-start=\"2728\" data-end=\"2807\"><p data-start=\"2730\" data-end=\"2807\"><strong data-start=\"2730\" data-end=\"2767\">Hebdomadaire aupr\u00e8s des marchands<\/strong> (plus de 400 professionnels abonn\u00e9s).<\/p><\/li><li data-start=\"2808\" data-end=\"2905\"><p data-start=\"2810\" data-end=\"2905\"><strong data-start=\"2810\" data-end=\"2846\">Mensuelle aupr\u00e8s du grand public<\/strong> (des milliers de passionn\u00e9s de chine et d\u2019art de vivre).<\/p><\/li><\/ul><p data-start=\"2907\" data-end=\"2930\">Formats disponibles :<\/p><ul data-start=\"2931\" data-end=\"3110\"><li data-start=\"2931\" data-end=\"3028\"><p data-start=\"2933\" data-end=\"3028\"><strong data-start=\"2933\" data-end=\"2956\">Encart r\u00e9dactionnel<\/strong> pour mettre en avant vos services, vos \u00e9v\u00e9nements ou votre actualit\u00e9.<\/p><\/li><li data-start=\"3029\" data-end=\"3110\"><p data-start=\"3031\" data-end=\"3110\"><strong data-start=\"3031\" data-end=\"3056\">Banni\u00e8re publicitaire<\/strong> avec lien cliquable vers votre site ou vos r\u00e9seaux.<\/p><\/li><\/ul>\t\t\t\t\t\t\t\t<\/div>\n\t\t\t\t<\/div>\n\t\t\t\t<div class=\"elementor-element elementor-element-2232fd0 elementor-widget elementor-widget-heading\" data-id=\"2232fd0\" data-element_type=\"widget\" data-e-type=\"widget\" data-widget_type=\"heading.default\">\n\t\t\t\t<div class=\"elementor-widget-container\">\n\t\t\t\t\t<h2 class=\"elementor-heading-title elementor-size-default\">Pourquoi devenir partenaire des Puces du Canal ?<\/h2>\t\t\t\t<\/div>\n\t\t\t\t<\/div>\n\t\t\t\t<div class=\"elementor-element elementor-element-6d97c18 elementor-widget elementor-widget-text-editor\" data-id=\"6d97c18\" data-element_type=\"widget\" data-e-type=\"widget\" data-widget_type=\"text-editor.default\">\n\t\t\t\t<div class=\"elementor-widget-container\">\n\t\t\t\t\t\t\t\t\t<ul><li data-start=\"3177\" data-end=\"3282\"><p data-start=\"3179\" data-end=\"3282\"><strong data-start=\"3179\" data-end=\"3199\">Un lieu iconique<\/strong> : 2\u1d49 plus grand march\u00e9 aux puces de France, v\u00e9ritable institution depuis 30 ans.<\/p><\/li><li data-start=\"3283\" data-end=\"3384\"><p data-start=\"3285\" data-end=\"3384\"><strong data-start=\"3285\" data-end=\"3314\">Un public vari\u00e9 et fid\u00e8le<\/strong> : chineurs, collectionneurs, familles, professionnels et touristes.<\/p><\/li><li data-start=\"3385\" data-end=\"3494\"><p data-start=\"3387\" data-end=\"3494\"><strong data-start=\"3387\" data-end=\"3420\">Une communication multicanale<\/strong> : visibilit\u00e9 \u00e0 la fois sur site, en ligne et sur nos supports digitaux.<\/p><\/li><li data-start=\"3495\" data-end=\"3606\"><p data-start=\"3497\" data-end=\"3606\"><strong data-start=\"3497\" data-end=\"3520\">Une image valoris\u00e9e<\/strong> : associez votre marque \u00e0 l\u2019univers du patrimoine, de l\u2019authenticit\u00e9 et du partage.<\/p><\/li><\/ul>\t\t\t\t\t\t\t\t<\/div>\n\t\t\t\t<\/div>\n\t\t\t\t<div class=\"elementor-element elementor-element-b1f1325 elementor-widget elementor-widget-heading\" data-id=\"b1f1325\" data-element_type=\"widget\" data-e-type=\"widget\" data-widget_type=\"heading.default\">\n\t\t\t\t<div class=\"elementor-widget-container\">\n\t\t\t\t\t<h2 class=\"elementor-heading-title elementor-size-default\">Contactez-nous pour cr\u00e9er votre partenariat sur-mesure<\/h2>\t\t\t\t<\/div>\n\t\t\t\t<\/div>\n\t\t\t\t<div class=\"elementor-element elementor-element-b3a3b82 elementor-widget elementor-widget-text-editor\" data-id=\"b3a3b82\" data-element_type=\"widget\" data-e-type=\"widget\" data-widget_type=\"text-editor.default\">\n\t\t\t\t<div class=\"elementor-widget-container\">\n\t\t\t\t\t\t\t\t\t<p data-start=\"3679\" data-end=\"3821\">Envie de donner de la visibilit\u00e9 \u00e0 votre marque et de rejoindre l\u2019aventure des Puces du Canal ?<\/p><p data-start=\"3823\" data-end=\"3933\">Nous vous accompagnons pour construire une offre adapt\u00e9e \u00e0 vos objectifs de communication et \u00e0 votre budget.<\/p><p data-start=\"3823\" data-end=\"3933\">Marie Perrat<br \/>communication@pucesducanal.com<\/p>\t\t\t\t\t\t\t\t<\/div>\n\t\t\t\t<\/div>\n\t\t\t\t\t<\/div>\n\t\t\t\t<\/div>\n\t\t\t\t<\/div>\n\t\t","protected":false},"excerpt":{"rendered":"<p>Lieu embl\u00e9matique de la r\u00e9gion lyonnaise, les Puces du Canal accueillent chaque semaine des milliers de visiteurs passionn\u00e9s d\u2019antiquit\u00e9s, de vintage et d\u2019art de vivre.En vous associant \u00e0 notre march\u00e9, vous b\u00e9n\u00e9ficiez d\u2019une visibilit\u00e9 exceptionnelle au c\u0153ur d\u2019un site patrimonial reconnu et en plein d\u00e9veloppement. Nous proposons diff\u00e9rentes opportunit\u00e9s de partenariat, adapt\u00e9es \u00e0 vos besoins [&hellip;]<\/p>\n","protected":false},"author":2,"featured_media":11427,"parent":0,"menu_order":0,"comment_status":"closed","ping_status":"closed","template":"","meta":{"_acf_changed":false,"_exactmetrics_skip_tracking":false,"_exactmetrics_sitenote_active":false,"_exactmetrics_sitenote_note":"","_exactmetrics_sitenote_category":0,"footnotes":""},"class_list":["post-11079","page","type-page","status-publish","has-post-thumbnail","hentry"],"acf":[],"aioseo_notices":[],"_links":{"self":[{"href":"https:\/\/www.pucesducanal.com\/fr\/wp-json\/wp\/v2\/pages\/11079","targetHints":{"allow":["GET"]}}],"collection":[{"href":"https:\/\/www.pucesducanal.com\/fr\/wp-json\/wp\/v2\/pages"}],"about":[{"href":"https:\/\/www.pucesducanal.com\/fr\/wp-json\/wp\/v2\/types\/page"}],"author":[{"embeddable":true,"href":"https:\/\/www.pucesducanal.com\/fr\/wp-json\/wp\/v2\/users\/2"}],"replies":[{"embeddable":true,"href":"https:\/\/www.pucesducanal.com\/fr\/wp-json\/wp\/v2\/comments?post=11079"}],"version-history":[{"count":4,"href":"https:\/\/www.pucesducanal.com\/fr\/wp-json\/wp\/v2\/pages\/11079\/revisions"}],"predecessor-version":[{"id":11083,"href":"https:\/\/www.pucesducanal.com\/fr\/wp-json\/wp\/v2\/pages\/11079\/revisions\/11083"}],"wp:featuredmedia":[{"embeddable":true,"href":"https:\/\/www.pucesducanal.com\/fr\/wp-json\/wp\/v2\/media\/11427"}],"wp:attachment":[{"href":"https:\/\/www.pucesducanal.com\/fr\/wp-json\/wp\/v2\/media?parent=11079"}],"curies":[{"name":"wp","href":"https:\/\/api.w.org\/{rel}","templated":true}]}}