{"id":4104,"date":"2019-03-24T22:16:31","date_gmt":"2019-03-24T21:16:31","guid":{"rendered":"https:\/\/dev.pucesducanal.com\/?page_id=4104"},"modified":"2025-07-10T10:25:44","modified_gmt":"2025-07-10T08:25:44","slug":"reservation-deballage","status":"publish","type":"page","link":"https:\/\/www.pucesducanal.com\/en\/reservation-deballage\/","title":{"rendered":"Booking"},"content":{"rendered":"<div data-elementor-type=\"wp-page\" data-elementor-id=\"4104\" class=\"elementor elementor-4104\">\n\t\t\t\t<div class=\"elementor-element elementor-element-e641edd e-flex e-con-boxed e-con e-parent\" data-id=\"e641edd\" data-element_type=\"container\" data-e-type=\"container\">\n\t\t\t\t\t<div class=\"e-con-inner\">\n\t\t\t\t<div class=\"elementor-element elementor-element-0d610aa elementor-invisible elementor-widget elementor-widget-heading\" data-id=\"0d610aa\" data-element_type=\"widget\" data-e-type=\"widget\" data-settings=\"{&quot;_animation&quot;:&quot;fadeInUp&quot;}\" data-widget_type=\"heading.default\">\n\t\t\t\t<div class=\"elementor-widget-container\">\n\t\t\t\t\t<h2 class=\"elementor-heading-title elementor-size-default\">Booking<\/h2>\t\t\t\t<\/div>\n\t\t\t\t<\/div>\n\t\t\t\t\t<\/div>\n\t\t\t\t<\/div>\n\t\t<div class=\"elementor-element elementor-element-b34497b e-flex e-con-boxed e-con e-parent\" data-id=\"b34497b\" data-element_type=\"container\" data-e-type=\"container\">\n\t\t\t\t\t<div class=\"e-con-inner\">\n\t\t<div class=\"elementor-element elementor-element-d4c41c3 e-con-full e-flex e-con e-child\" data-id=\"d4c41c3\" data-element_type=\"container\" data-e-type=\"container\">\n\t\t\t\t<div class=\"elementor-element elementor-element-2b172a0 elementor-invisible elementor-widget elementor-widget-text-editor\" data-id=\"2b172a0\" data-element_type=\"widget\" data-e-type=\"widget\" data-settings=\"{&quot;_animation&quot;:&quot;fadeInUp&quot;}\" data-widget_type=\"text-editor.default\">\n\t\t\t\t<div class=\"elementor-widget-container\">\n\t\t\t\t\t\t\t\t\t<h5>Online booking<\/h5><p>Would you like to come and unpack at the flea market?<\/p><p><strong>Professionnels &amp; particuliers,<\/strong><br \/><strong>r\u00e9servez en ligne en cliquant ci-dessous<\/strong><\/p>\t\t\t\t\t\t\t\t<\/div>\n\t\t\t\t<\/div>\n\t\t\t\t<div class=\"elementor-element elementor-element-4206fb9 elementor-invisible elementor-widget elementor-widget-button\" data-id=\"4206fb9\" data-element_type=\"widget\" data-e-type=\"widget\" data-settings=\"{&quot;_animation&quot;:&quot;fadeInUp&quot;}\" data-widget_type=\"button.default\">\n\t\t\t\t<div class=\"elementor-widget-container\">\n\t\t\t\t\t\t\t\t\t<div class=\"elementor-button-wrapper\">\n\t\t\t\t\t<a class=\"elementor-button elementor-button-link elementor-size-sm\" href=\"https:\/\/yurplan.com\/orga\/Puces-du-Canal-Lyon-Villeurbanne\/3889#\/\" target=\"_blank\">\n\t\t\t\t\t\t<span class=\"elementor-button-content-wrapper\">\n\t\t\t\t\t\t\t\t\t<span class=\"elementor-button-text\">Click here<\/span>\n\t\t\t\t\t<\/span>\n\t\t\t\t\t<\/a>\n\t\t\t\t<\/div>\n\t\t\t\t\t\t\t\t<\/div>\n\t\t\t\t<\/div>\n\t\t\t\t<div class=\"elementor-element elementor-element-dfda70f elementor-invisible elementor-widget elementor-widget-text-editor\" data-id=\"dfda70f\" data-element_type=\"widget\" data-e-type=\"widget\" data-settings=\"{&quot;_animation&quot;:&quot;fadeInUp&quot;}\" data-widget_type=\"text-editor.default\">\n\t\t\t\t<div class=\"elementor-widget-container\">\n\t\t\t\t\t\t\t\t\t<h5>Info<\/h5><p><strong>Entrance:<\/strong> 1 rue du Canal, 69100 Villeurbanne FRANCE<\/p><p><strong>THURSDAY (professionals only)<\/strong><br \/>Tarif unique : 30\u20ac. <br \/>Rendez-vous \u00e0 partir de 5:30 \u00e0 l\u2019accueil avec <strong>photocopy<\/strong> identity document and trade register number (Kbis).<\/p><p><strong>SATURDAY (professionals and individuals)<\/strong><br \/>Tarif unique : 20\u20ac (20m\u00b2)<br \/><strong>Professionals<\/strong> : meet from 7AM at reception with <strong>photocopy<\/strong> identity document and trade register number (Kbis).<br \/><strong>Individuals<\/strong> : meet from 7AM at reception with <strong>photocopy<\/strong> of the identity document and Yurplan booking confirmation.<\/p><p><strong>SUNDAY (professionals only)<\/strong><\/p><ul><li>Through Yurplan:<ul><li>20m\u00b2 = 40\u20ac<\/li><li>30m\u00b2 = 60\u20ac<\/li><li>40m\u00b2 = 80\u20ac<\/li><\/ul><\/li><li>On-site:<ul><li>20m\u00b2 = 45\u20ac<\/li><li>30m\u00b2 = 65\u20ac<\/li><li>40m\u00b2 = 85\u20ac<\/li><\/ul><\/li><\/ul><p><strong>Professionals<\/strong> : Rendez-vous \u00e0 partir de 5:30 \u00e0 l\u2019accueil avec <strong>photocopy<\/strong> ID and trade register number (Kbis) (and Yurplan reservation if booking online).<\/p><p>Possibility of parking a vehicle on your spot.<\/p><p><span style=\"text-decoration: underline;\"><strong>What can I sell at the Puces du Canal?<\/strong><\/span><\/p><p><span style=\"text-decoration: underline;\">Antiques, flea markets, vintage and design<\/span><\/p><p>All period objects (up to the 90s) are allowed at the Puces: furniture, trinkets, paintings, chandeliers, old toys, posters, old records, books, professional furniture, old garden furniture, industrial furniture, decoration, design, vintage clothing (already used, worn)...<\/p><p>Attention: For the good of the Flea Market, please do not sell new clothing or items, new car parts, household appliances, Hi-Fi, telephones, etc.<\/p><p>Staff are authorized to check merchandise at the entrance if in doubt, and to ask merchants to repack anything that does not match once on the ground.<\/p>\t\t\t\t\t\t\t\t<\/div>\n\t\t\t\t<\/div>\n\t\t\t\t<\/div>\n\t\t<div class=\"elementor-element elementor-element-2faa396 e-con-full e-flex e-con e-child\" data-id=\"2faa396\" data-element_type=\"container\" data-e-type=\"container\">\n\t\t\t\t<div class=\"elementor-element elementor-element-62b88ec elementor-invisible elementor-widget elementor-widget-image\" data-id=\"62b88ec\" data-element_type=\"widget\" data-e-type=\"widget\" data-settings=\"{&quot;_animation&quot;:&quot;fadeIn&quot;}\" data-widget_type=\"image.default\">\n\t\t\t\t<div class=\"elementor-widget-container\">\n\t\t\t\t\t\t\t\t\t\t\t\t\t\t\t<img fetchpriority=\"high\" decoding=\"async\" width=\"683\" height=\"1024\" src=\"https:\/\/www.pucesducanal.com\/wp-content\/uploads\/2022\/01\/\u00a9ANTHONY-BABE_26-683x1024.jpg\" class=\"attachment-large size-large wp-image-7435\" alt=\"\" srcset=\"https:\/\/www.pucesducanal.com\/wp-content\/uploads\/2022\/01\/\u00a9ANTHONY-BABE_26-683x1024.jpg 683w, https:\/\/www.pucesducanal.com\/wp-content\/uploads\/2022\/01\/\u00a9ANTHONY-BABE_26-200x300.jpg 200w, https:\/\/www.pucesducanal.com\/wp-content\/uploads\/2022\/01\/\u00a9ANTHONY-BABE_26-scaled.jpg 1707w\" sizes=\"(max-width: 683px) 100vw, 683px\" \/>\t\t\t\t\t\t\t\t\t\t\t\t\t\t\t<\/div>\n\t\t\t\t<\/div>\n\t\t\t\t<div class=\"elementor-element elementor-element-7176b0f elementor-widget elementor-widget-button\" data-id=\"7176b0f\" data-element_type=\"widget\" data-e-type=\"widget\" data-widget_type=\"button.default\">\n\t\t\t\t<div class=\"elementor-widget-container\">\n\t\t\t\t\t\t\t\t\t<div class=\"elementor-button-wrapper\">\n\t\t\t\t\t<a class=\"elementor-button elementor-button-link elementor-size-sm\" href=\"\/faq\">\n\t\t\t\t\t\t<span class=\"elementor-button-content-wrapper\">\n\t\t\t\t\t\t\t\t\t<span class=\"elementor-button-text\">Any questions?<\/span>\n\t\t\t\t\t<\/span>\n\t\t\t\t\t<\/a>\n\t\t\t\t<\/div>\n\t\t\t\t\t\t\t\t<\/div>\n\t\t\t\t<\/div>\n\t\t\t\t<div class=\"elementor-element elementor-element-1a65a13 elementor-widget elementor-widget-button\" data-id=\"1a65a13\" data-element_type=\"widget\" data-e-type=\"widget\" data-widget_type=\"button.default\">\n\t\t\t\t<div class=\"elementor-widget-container\">\n\t\t\t\t\t\t\t\t\t<div class=\"elementor-button-wrapper\">\n\t\t\t\t\t<a class=\"elementor-button elementor-button-link elementor-size-sm\" href=\"https:\/\/www.pucesducanal.com\/wp-content\/uploads\/2022\/10\/Re%CC%80glement-inte%CC%81rieur-de%CC%81ballage-Les-Puces-du-Canal.pdf\">\n\t\t\t\t\t\t<span class=\"elementor-button-content-wrapper\">\n\t\t\t\t\t\t\t\t\t<span class=\"elementor-button-text\">Internal rules for unpacking<\/span>\n\t\t\t\t\t<\/span>\n\t\t\t\t\t<\/a>\n\t\t\t\t<\/div>\n\t\t\t\t\t\t\t\t<\/div>\n\t\t\t\t<\/div>\n\t\t\t\t<\/div>\n\t\t\t\t\t<\/div>\n\t\t\t\t<\/div>\n\t\t\t\t<\/div>","protected":false},"excerpt":{"rendered":"<p>R\u00e9servation R\u00e9servation en ligne Vous souhaitez venir d\u00e9baller aux puces ? Professionnels &amp; particuliers,r\u00e9servez en ligne en cliquant ci-dessous Cliquez ici Informations Entr\u00e9e : 1 rue du Canal, 69100 Villeurbanne JEUDI (professionnels exclusivement)Tarif unique : 30\u20ac. Rendez-vous \u00e0 partir de 5:30 \u00e0 l\u2019accueil avec photocopie de la pi\u00e8ce d\u2019identit\u00e9 et num\u00e9ro de registre du commerce [&hellip;]<\/p>","protected":false},"author":2,"featured_media":0,"parent":0,"menu_order":0,"comment_status":"closed","ping_status":"closed","template":"","meta":{"_acf_changed":false,"_exactmetrics_skip_tracking":false,"_exactmetrics_sitenote_active":false,"_exactmetrics_sitenote_note":"","_exactmetrics_sitenote_category":0,"footnotes":""},"class_list":["post-4104","page","type-page","status-publish","hentry"],"acf":[],"aioseo_notices":[],"_links":{"self":[{"href":"https:\/\/www.pucesducanal.com\/en\/wp-json\/wp\/v2\/pages\/4104","targetHints":{"allow":["GET"]}}],"collection":[{"href":"https:\/\/www.pucesducanal.com\/en\/wp-json\/wp\/v2\/pages"}],"about":[{"href":"https:\/\/www.pucesducanal.com\/en\/wp-json\/wp\/v2\/types\/page"}],"author":[{"embeddable":true,"href":"https:\/\/www.pucesducanal.com\/en\/wp-json\/wp\/v2\/users\/2"}],"replies":[{"embeddable":true,"href":"https:\/\/www.pucesducanal.com\/en\/wp-json\/wp\/v2\/comments?post=4104"}],"version-history":[{"count":8,"href":"https:\/\/www.pucesducanal.com\/en\/wp-json\/wp\/v2\/pages\/4104\/revisions"}],"predecessor-version":[{"id":10987,"href":"https:\/\/www.pucesducanal.com\/en\/wp-json\/wp\/v2\/pages\/4104\/revisions\/10987"}],"wp:attachment":[{"href":"https:\/\/www.pucesducanal.com\/en\/wp-json\/wp\/v2\/media?parent=4104"}],"curies":[{"name":"wp","href":"https:\/\/api.w.org\/{rel}","templated":true}]}}