{"id":4044,"date":"2019-03-24T20:39:23","date_gmt":"2019-03-24T19:39:23","guid":{"rendered":"https:\/\/dev.pucesducanal.com\/?page_id=4044"},"modified":"2023-07-04T14:33:55","modified_gmt":"2023-07-04T12:33:55","slug":"mentions-legales","status":"publish","type":"page","link":"https:\/\/www.pucesducanal.com\/en\/mentions-legales\/","title":{"rendered":"Mentions L\u00e9gales"},"content":{"rendered":"<p>[vc_row css=\u00a0\u00bb.vc_custom_1553633457801{padding-top: 50px !important;}\u00a0\u00bb][vc_column width=\u00a0\u00bb5\/6&Prime; enable_content_animation=\u00a0\u00bbyes\u00a0\u00bb ca_init_scale_x=\u00a0\u00bb1&Prime; ca_init_scale_y=\u00a0\u00bb1&Prime; ca_init_scale_z=\u00a0\u00bb1&Prime; ca_init_opacity=\u00a0\u00bb1&Prime; ca_an_scale_x=\u00a0\u00bb1&Prime; ca_an_scale_y=\u00a0\u00bb1&Prime; ca_an_scale_z=\u00a0\u00bb1&Prime; ca_an_opacity=\u00a0\u00bb1&Prime; align=\u00a0\u00bbtext-center\u00a0\u00bb offset=\u00a0\u00bbvc_col-md-offset-2 vc_col-md-8 vc_col-sm-offset-1&Prime; ca_init_translate_y=\u00a0\u00bb79&Prime; ca_duration=\u00a0\u00bb1200&Prime; ca_delay=\u00a0\u00bb150&Prime;][ld_spacer height=\u00a0\u00bb150px\u00a0\u00bb][ld_fancy_heading tag=\u00a0\u00bbh2&Prime; ca_init_scale_x=\u00a0\u00bb1&Prime; ca_init_scale_y=\u00a0\u00bb1&Prime; ca_init_scale_z=\u00a0\u00bb1&Prime; ca_init_opacity=\u00a0\u00bb1&Prime; ca_an_scale_x=\u00a0\u00bb1&Prime; ca_an_scale_y=\u00a0\u00bb1&Prime; ca_an_scale_z=\u00a0\u00bb1&Prime; ca_an_opacity=\u00a0\u00bb1&Prime; use_custom_fonts_title=\u00a0\u00bbtrue\u00a0\u00bb enable_fit=\u00a0\u00bbtrue\u00a0\u00bb enable_split=\u00a0\u00bbtrue\u00a0\u00bb use_mask=\u00a0\u00bbtrue\u00a0\u00bb fs=\u00a0\u00bb60px\u00a0\u00bb compressor=\u00a0\u00bb0.65&Prime; minfontsize=\u00a0\u00bb48&Prime; lh=\u00a0\u00bb2em\u00a0\u00bb]Mentions l\u00e9gales[\/ld_fancy_heading][\/vc_column][\/vc_row][vc_row css=\u00a0\u00bb.vc_custom_1553633477545{padding-bottom: 50px !important;}\u00a0\u00bb][vc_column][vc_column_text]Merci de lire avec attention les diff\u00e9rentes modalit\u00e9s d\u2019utilisation du pr\u00e9sent site avant d\u2019y parcourir ses pages. En vous connectant sur ce site, vous acceptez sans r\u00e9serves les pr\u00e9sentes modalit\u00e9s. Aussi, conform\u00e9ment \u00e0 l\u2019article n\u00b06 de la Loi n\u00b02004-575 du 21 Juin 2004 pour la confiance dans l\u2019\u00e9conomie num\u00e9rique, les responsables du pr\u00e9sent site internet\u00a0<a href=\"http:\/\/adresse%20site\/\">www.pucesducanal.com<\/a>\u00a0sont :<\/p>\n<p>&nbsp;<\/p>\n<p>&nbsp;<\/p>\n<p><b>Editeur du Site :<\/b><\/p>\n<p>Soci\u00e9t\u00e9 SEPC<br \/>\nNum\u00e9ro de SIRET : 792 848 608 000 16<br \/>\nResponsable \u00e9ditorial : Mr Stephan Blanchet<br \/>\n5 rue Eug\u00e8ne Pottier 69100 Villeurbanne<br \/>\nT\u00e9l\u00e9phone : 0472046565<br \/>\nEmail :\u00a0<a class=\"mail-link\" data-enc-email=\"pbagnpgf[at]chprfqhpnany.pbz\" data-wpel-link=\"ignore\"><span class=\"\">communication@pucesducanal.com<\/span><\/a><br \/>\nSite Web :\u00a0<a href=\"http:\/\/www.pucesducanal.com\">www.pucesducanal.com<\/a><\/p>\n<p><b>H\u00e9bergement :<\/b><\/p>\n<p>H\u00e9bergeur :\u00a0Always data pour le compte de CO-F4<br \/>\n62 rue Tiquetonne \u2013 75002 Paris<br \/>\nSite Web :\u00a0https:\/\/www.alwaysdata.com<\/p>\n<p><b>D\u00e9veloppement<\/b><b>\u00a0:<\/b><\/p>\n<p>CO-F4<br \/>\nAdresse :\u00a0187 \u00a0grande rue de la guilloti\u00e8re 69007 Lyon<br \/>\nSite Web :\u00a0www.co-f4.com<\/p>\n<p><b>Conditions d\u2019utilisation :<\/b><\/p>\n<p>L\u2019\u00e9diteur\u00a0met en \u0153uvre tous les moyens dont elle dispose, pour assurer une information fiable et une mise \u00e0 jour fiable de ses sites internet. Toutefois, des erreurs ou omissions peuvent survenir. L\u2019internaute devra donc s\u2019assurer de l\u2019exactitude des informations aupr\u00e8s de , et signaler toutes modifications du site qu\u2019il jugerait utile. n\u2019est en aucun cas responsable de l\u2019utilisation faite de ces informations, et de tout pr\u00e9judice direct ou indirect pouvant en d\u00e9couler.<\/p>\n<p><b>Cookies<\/b>\u00a0:\u00a0Ce site\u00a0peut-\u00eatre amen\u00e9 \u00e0 vous demander l\u2019acceptation des cookies pour des besoins de statistiques et d\u2019affichage. Un cookies est une information d\u00e9pos\u00e9e sur votre disque dur par le serveur du site que vous visitez. Il contient plusieurs donn\u00e9es qui sont stock\u00e9es sur votre ordinateur dans un simple fichier texte auquel un serveur acc\u00e8de pour lire et enregistrer des informations . Certaines parties de ce site ne peuvent \u00eatre fonctionnelles sans l\u2019acceptation de cookies.<\/p>\n<p>&nbsp;<\/p>\n<p><b>Propri\u00e9t\u00e9 intellectuelle :<\/b><\/p>\n<p>Tout le contenu du pr\u00e9sent sur le site \u00a0incluant, de fa\u00e7on non limitative, les graphismes, images, textes, vid\u00e9os, animations, sons, logos, gifs et ic\u00f4nes ainsi que leur mise en forme sont la propri\u00e9t\u00e9 exclusive de la soci\u00e9t\u00e9 \u00e0 l\u2019exception des marques, logos ou contenus appartenant \u00e0 d\u2019autres soci\u00e9t\u00e9s partenaires ou auteurs.<\/p>\n<p>Toute reproduction, distribution, modification, adaptation, retransmission ou publication, m\u00eame partielle, de ces diff\u00e9rents \u00e9l\u00e9ments est strictement interdite sans l\u2019accord expr\u00e8s par \u00e9crit de l\u2019\u00e9diteur. Cette repr\u00e9sentation ou reproduction, par quelque proc\u00e9d\u00e9 que ce soit, constitue une contrefa\u00e7on sanctionn\u00e9e par les articles L.335-2 et suivants du Code de la propri\u00e9t\u00e9 intellectuelle. Le non-respect de cette interdiction constitue une contrefa\u00e7on pouvant engager la responsabilit\u00e9 civile et p\u00e9nale du contrefacteur. En outre, les propri\u00e9taires des Contenus copi\u00e9s pourraient intenter une action en justice \u00e0 votre encontre.[\/vc_column_text][\/vc_column][\/vc_row]<\/p>","protected":false},"excerpt":{"rendered":"<p>[vc_row css=\u00a0\u00bb.vc_custom_1553633457801{padding-top: 50px !important;}\u00a0\u00bb][vc_column width=\u00a0\u00bb5\/6&Prime; enable_content_animation=\u00a0\u00bbyes\u00a0\u00bb ca_init_scale_x=\u00a0\u00bb1&Prime; ca_init_scale_y=\u00a0\u00bb1&Prime; ca_init_scale_z=\u00a0\u00bb1&Prime; ca_init_opacity=\u00a0\u00bb1&Prime; ca_an_scale_x=\u00a0\u00bb1&Prime; ca_an_scale_y=\u00a0\u00bb1&Prime; ca_an_scale_z=\u00a0\u00bb1&Prime; ca_an_opacity=\u00a0\u00bb1&Prime; align=\u00a0\u00bbtext-center\u00a0\u00bb offset=\u00a0\u00bbvc_col-md-offset-2 vc_col-md-8 vc_col-sm-offset-1&Prime; ca_init_translate_y=\u00a0\u00bb79&Prime; ca_duration=\u00a0\u00bb1200&Prime; ca_delay=\u00a0\u00bb150&Prime;][ld_spacer height=\u00a0\u00bb150px\u00a0\u00bb][ld_fancy_heading tag=\u00a0\u00bbh2&Prime; ca_init_scale_x=\u00a0\u00bb1&Prime; ca_init_scale_y=\u00a0\u00bb1&Prime; ca_init_scale_z=\u00a0\u00bb1&Prime; ca_init_opacity=\u00a0\u00bb1&Prime; ca_an_scale_x=\u00a0\u00bb1&Prime; ca_an_scale_y=\u00a0\u00bb1&Prime; ca_an_scale_z=\u00a0\u00bb1&Prime; ca_an_opacity=\u00a0\u00bb1&Prime; use_custom_fonts_title=\u00a0\u00bbtrue\u00a0\u00bb enable_fit=\u00a0\u00bbtrue\u00a0\u00bb enable_split=\u00a0\u00bbtrue\u00a0\u00bb use_mask=\u00a0\u00bbtrue\u00a0\u00bb fs=\u00a0\u00bb60px\u00a0\u00bb compressor=\u00a0\u00bb0.65&Prime; minfontsize=\u00a0\u00bb48&Prime; lh=\u00a0\u00bb2em\u00a0\u00bb]Mentions l\u00e9gales[\/ld_fancy_heading][\/vc_column][\/vc_row][vc_row css=\u00a0\u00bb.vc_custom_1553633477545{padding-bottom: 50px !important;}\u00a0\u00bb][vc_column][vc_column_text]Merci de lire avec attention les diff\u00e9rentes modalit\u00e9s d\u2019utilisation du pr\u00e9sent site avant [&hellip;]<\/p>","protected":false},"author":2,"featured_media":0,"parent":0,"menu_order":0,"comment_status":"closed","ping_status":"closed","template":"","meta":{"_acf_changed":false,"_exactmetrics_skip_tracking":false,"_exactmetrics_sitenote_active":false,"_exactmetrics_sitenote_note":"","_exactmetrics_sitenote_category":0,"footnotes":""},"class_list":["post-4044","page","type-page","status-publish","hentry"],"acf":[],"aioseo_notices":[],"_links":{"self":[{"href":"https:\/\/www.pucesducanal.com\/en\/wp-json\/wp\/v2\/pages\/4044","targetHints":{"allow":["GET"]}}],"collection":[{"href":"https:\/\/www.pucesducanal.com\/en\/wp-json\/wp\/v2\/pages"}],"about":[{"href":"https:\/\/www.pucesducanal.com\/en\/wp-json\/wp\/v2\/types\/page"}],"author":[{"embeddable":true,"href":"https:\/\/www.pucesducanal.com\/en\/wp-json\/wp\/v2\/users\/2"}],"replies":[{"embeddable":true,"href":"https:\/\/www.pucesducanal.com\/en\/wp-json\/wp\/v2\/comments?post=4044"}],"version-history":[{"count":5,"href":"https:\/\/www.pucesducanal.com\/en\/wp-json\/wp\/v2\/pages\/4044\/revisions"}],"predecessor-version":[{"id":8749,"href":"https:\/\/www.pucesducanal.com\/en\/wp-json\/wp\/v2\/pages\/4044\/revisions\/8749"}],"wp:attachment":[{"href":"https:\/\/www.pucesducanal.com\/en\/wp-json\/wp\/v2\/media?parent=4044"}],"curies":[{"name":"wp","href":"https:\/\/api.w.org\/{rel}","templated":true}]}}