{"id":11104,"date":"2025-10-13T18:25:00","date_gmt":"2025-10-13T16:25:00","guid":{"rendered":"https:\/\/www.pucesducanal.com\/?page_id=11104"},"modified":"2026-01-21T12:04:09","modified_gmt":"2026-01-21T11:04:09","slug":"les-marchands-des-puces-du-canal-ont-du-talent","status":"publish","type":"page","link":"https:\/\/www.pucesducanal.com\/en\/marchands\/les-marchands-des-puces-du-canal-ont-du-talent\/","title":{"rendered":"Les marchands des Puces du Canal ont du talent !"},"content":{"rendered":"<div data-elementor-type=\"wp-page\" data-elementor-id=\"11104\" class=\"elementor elementor-11104\">\n\t\t\t\t<div class=\"elementor-element elementor-element-d565357 e-flex e-con-boxed e-con e-parent\" data-id=\"d565357\" data-element_type=\"container\" data-e-type=\"container\">\n\t\t\t\t\t<div class=\"e-con-inner\">\n\t\t\t\t<div class=\"elementor-element elementor-element-09ca066 elementor-widget elementor-widget-text-editor\" data-id=\"09ca066\" data-element_type=\"widget\" data-e-type=\"widget\" data-widget_type=\"text-editor.default\">\n\t\t\t\t<div class=\"elementor-widget-container\">\n\t\t\t\t\t\t\t\t\t<p data-start=\"225\" data-end=\"510\">Aux <strong data-start=\"229\" data-end=\"247\">Puces du Canal<\/strong>, chaque boutique, chaque all\u00e9e et chaque objet racontent une histoire.<br data-start=\"316\" data-end=\"319\" \/>Mais ce qui rend ce lieu unique, ce sont surtout <strong data-start=\"368\" data-end=\"407\">les femmes et les hommes passionn\u00e9s<\/strong> qui y exercent leur savoir-faire, transmettent leur art et partagent leur cr\u00e9ativit\u00e9 avec le public.<\/p><p data-start=\"512\" data-end=\"660\">Deux marchandes talentueuses incarnent parfaitement cet esprit d\u2019authenticit\u00e9 et d\u2019inspiration : <strong data-start=\"609\" data-end=\"635\">Sandrine-L\u00e9onie Thomas<\/strong> et <strong data-start=\"639\" data-end=\"657\">Chlo\u00e9 Morandat<\/strong>.<\/p>\t\t\t\t\t\t\t\t<\/div>\n\t\t\t\t<\/div>\n\t\t\t\t<div class=\"elementor-element elementor-element-f9b3f09 elementor-widget elementor-widget-heading\" data-id=\"f9b3f09\" data-element_type=\"widget\" data-e-type=\"widget\" data-widget_type=\"heading.default\">\n\t\t\t\t<div class=\"elementor-widget-container\">\n\t\t\t\t\t<h2 class=\"elementor-heading-title elementor-size-default\">Cr\u00e9ez votre propre lampe avec Sandrine-L\u00e9onie Thomas<\/h2>\t\t\t\t<\/div>\n\t\t\t\t<\/div>\n\t\t\t\t<div class=\"elementor-element elementor-element-11fe9ef elementor-widget elementor-widget-text-editor\" data-id=\"11fe9ef\" data-element_type=\"widget\" data-e-type=\"widget\" data-widget_type=\"text-editor.default\">\n\t\t\t\t<div class=\"elementor-widget-container\">\n\t\t\t\t\t\t\t\t\t<p data-start=\"728\" data-end=\"1060\">Sandrine-L\u00e9onie Thomas, artisanne inspir\u00e9e et chineuse dans l\u2019\u00e2me, vous accueille d\u00e9sormais dans <strong data-start=\"825\" data-end=\"853\">sa boutique \u201cEtsicetait\u201d<\/strong>, situ\u00e9e dans <strong data-start=\"867\" data-end=\"894\">l\u2019all\u00e9e D des Traboules<\/strong>.<br data-start=\"895\" data-end=\"898\" \/>Entre objets vintage et cr\u00e9ations lumineuses, elle propose une exp\u00e9rience originale gr\u00e2ce \u00e0 ses <strong data-start=\"994\" data-end=\"1015\">ateliers Wecandoo<\/strong>, directement organis\u00e9s aux Puces du Canal.<\/p><p data-start=\"1062\" data-end=\"1394\"><strong data-start=\"1065\" data-end=\"1154\">Participez \u00e0 l\u2019atelier \u201cR\u00e9alisez votre lampe aux Puces du Canal avec Sandrine-L\u00e9onie\u201d<\/strong> :<br data-start=\"1156\" data-end=\"1159\" \/>Apprenez \u00e0 fabriquer votre lampe cylindrique ou conique \u00e0 partir de mat\u00e9riaux soigneusement s\u00e9lectionn\u00e9s, dans une ambiance conviviale et cr\u00e9ative.<br data-start=\"1306\" data-end=\"1309\" \/>C\u2019est l\u2019occasion parfaite pour m\u00ealer <strong data-start=\"1346\" data-end=\"1390\">upcycling, artisanat et plaisir de cr\u00e9er<\/strong> !<\/p><p data-start=\"1396\" data-end=\"1568\">\ud83d\udd17 <a href=\"https:\/\/wecandoo.fr\/atelier\/lyon-sandrine-leonie-lampe-cylindrique-conique\" target=\"_blank\" rel=\"noopener\"><strong data-start=\"1399\" data-end=\"1423\">Inscrivez-vous ici\u00a0<\/strong><\/a><\/p>\t\t\t\t\t\t\t\t<\/div>\n\t\t\t\t<\/div>\n\t\t\t\t<div class=\"elementor-element elementor-element-8811beb elementor-widget elementor-widget-heading\" data-id=\"8811beb\" data-element_type=\"widget\" data-e-type=\"widget\" data-widget_type=\"heading.default\">\n\t\t\t\t<div class=\"elementor-widget-container\">\n\t\t\t\t\t<h2 class=\"elementor-heading-title elementor-size-default\">Cours de photo avec Chlo\u00e9 Morandat, l\u2019\u0153il des Puces du Canal<\/h2>\t\t\t\t<\/div>\n\t\t\t\t<\/div>\n\t\t\t\t<div class=\"elementor-element elementor-element-9c39fe4 elementor-widget elementor-widget-heading\" data-id=\"9c39fe4\" data-element_type=\"widget\" data-e-type=\"widget\" data-widget_type=\"heading.default\">\n\t\t\t\t<div class=\"elementor-widget-container\">\n\t\t\t\t\t<h2 class=\"elementor-heading-title elementor-size-default\">Les Puces du Canal, un vivier de talents et de cr\u00e9ativit\u00e9<\/h2>\t\t\t\t<\/div>\n\t\t\t\t<\/div>\n\t\t\t\t<div class=\"elementor-element elementor-element-fc4a3e5 elementor-widget elementor-widget-text-editor\" data-id=\"fc4a3e5\" data-element_type=\"widget\" data-e-type=\"widget\" data-widget_type=\"text-editor.default\">\n\t\t\t\t<div class=\"elementor-widget-container\">\n\t\t\t\t\t\t\t\t\t<p data-start=\"1644\" data-end=\"1923\">Photographe passionn\u00e9e, <strong data-start=\"1668\" data-end=\"1686\">Chlo\u00e9 Morandat<\/strong> capture toute la po\u00e9sie et le foisonnement visuel des Puces du Canal.<br data-start=\"1756\" data-end=\"1759\" \/>Avec son regard aff\u00fbt\u00e9 et son sens du d\u00e9tail, elle partage aujourd\u2019hui son savoir-faire \u00e0 travers des <strong data-start=\"1861\" data-end=\"1886\">cours de photographie<\/strong> organis\u00e9s directement sur le site.<\/p><p data-start=\"1925\" data-end=\"2214\">Les Puces du Canal offrent un terrain de jeu id\u00e9al pour apprendre la photo : lumi\u00e8re naturelle, textures, objets d\u2019\u00e9poque et sc\u00e8nes de vie uniques.<br data-start=\"2076\" data-end=\"2079\" \/>Que vous soyez d\u00e9butant ou amateur, Chlo\u00e9 vous guide dans cet univers inspirant pour <strong data-start=\"2164\" data-end=\"2211\">aff\u00fbter votre regard et r\u00e9v\u00e9ler votre style<\/strong>.<\/p><p data-start=\"1925\" data-end=\"2214\">Prochaines dates :<\/p><ul><li data-start=\"1925\" data-end=\"2214\"><p>#1 Dimanche 15 F\u00e9vrier de 9h30 \u00e0 12h<\/p><\/li><li data-start=\"1925\" data-end=\"2214\"><p>#2 Dimanche 29 Mars de 9h30 \u00e0 12h<\/p><\/li><li data-start=\"1925\" data-end=\"2214\"><p>#1Dimanche 26 Avril de 9h30 \u00e0 12h\u00a0<\/p><\/li><li data-start=\"1925\" data-end=\"2214\"><p>#1Dimanche 31 Mai de 9h30 \u00e0 12h\u00a0<\/p><\/li><li data-start=\"1925\" data-end=\"2214\"><p>#1Dimanche 21 Juin de 9h30 \u00e0 12h\u00a0<\/p><\/li><li data-start=\"1925\" data-end=\"2214\"><p>#2Dimanche 28 Juin de 9h30 \u00e0 12h<\/p><\/li><li data-start=\"1925\" data-end=\"2214\"><p>#1Dimanche 26 Juillet de 9h30 \u00e0 12h\u00a0<\/p><\/li><li data-start=\"1925\" data-end=\"2214\"><p>#1Dimanche 26 Juillet de 9h30 \u00e0 12h\u00a0<\/p><\/li><li data-start=\"1925\" data-end=\"2214\"><p>#1Dimanche 27 Septembre de 9h30 \u00e0 12h\u00a0<\/p><\/li><li data-start=\"1925\" data-end=\"2214\"><p>#1Dimanche 25 Octobre de 9h30 \u00e0 12h\u00a0<\/p><\/li><li data-start=\"1925\" data-end=\"2214\"><p>#1Dimanche 25 Octobre de 9h30 \u00e0 12h<\/p><\/li><li data-start=\"1925\" data-end=\"2214\"><p>#1Dimanche 22 Novembre de 9h30 \u00e0 12h<\/p><\/li><li data-start=\"1925\" data-end=\"2214\"><p>#2Dimanche 29 Novembre de 9h30 \u00e0 12h<\/p><\/li><\/ul><p data-start=\"2216\" data-end=\"2408\">Retrouvez <strong data-start=\"2229\" data-end=\"2257\">sa boutique \u201cL\u2019Oeillade\u201d<\/strong> sous <strong data-start=\"2263\" data-end=\"2293\">la Halle Louis La Brocante<\/strong>, t\u00f4le 47.<\/p><p data-start=\"2216\" data-end=\"2408\">\ud83d\udd17<strong><a href=\"https:\/\/chloemorandat.sumupstore.com\/product\/cours-de-photographie-niveau-1-initiation-a-la-photographie-aux-puces-du-canal-villeurbanne-69\" target=\"_blank\" rel=\"noopener\">Inscrivez-vous ici<\/a><\/strong><\/p>\t\t\t\t\t\t\t\t<\/div>\n\t\t\t\t<\/div>\n\t\t\t\t<div class=\"elementor-element elementor-element-b0cbedc elementor-widget elementor-widget-text-editor\" data-id=\"b0cbedc\" data-element_type=\"widget\" data-e-type=\"widget\" data-widget_type=\"text-editor.default\">\n\t\t\t\t<div class=\"elementor-widget-container\">\n\t\t\t\t\t\t\t\t\t<p>V\u00e9ritables <strong data-start=\"2969\" data-end=\"3016\">gardiens du patrimoine et de l\u2019art de vivre<\/strong>, les marchands des Puces du Canal ne se contentent pas de vendre : ils <strong data-start=\"3088\" data-end=\"3137\">cr\u00e9ent, restaurent, transmettent et inspirent<\/strong>.<br data-start=\"3138\" data-end=\"3141\" \/>Qu\u2019il s\u2019agisse d\u2019artisanat, de design, de photographie ou de brocante, <strong data-start=\"3212\" data-end=\"3271\">leurs talents participent \u00e0 faire vivre l\u2019\u00e2me des Puces<\/strong> et \u00e0 perp\u00e9tuer l\u2019amour du beau et de l\u2019authentique.<\/p>\t\t\t\t\t\t\t\t<\/div>\n\t\t\t\t<\/div>\n\t\t\t\t<div class=\"elementor-element elementor-element-d7201ce elementor-widget elementor-widget-text-editor\" data-id=\"d7201ce\" data-element_type=\"widget\" data-e-type=\"widget\" data-widget_type=\"text-editor.default\">\n\t\t\t\t<div class=\"elementor-widget-container\">\n\t\t\t\t\t\t\t\t\t<p data-start=\"2492\" data-end=\"2740\"><strong>Vous \u00eates marchand aux Puces du Canal et avez un talent \u00e0 partager ?<\/strong><\/p><p data-start=\"2492\" data-end=\"2740\">Vous organisez des ateliers, proposez des cours, ou d\u00e9veloppez une activit\u00e9 artisanale ou artistique au sein des Puces du Canal ?<br data-start=\"2633\" data-end=\"2636\" \/>Nous serions ravis de mettre votre savoir-faire \u00e0 l\u2019honneur sur notre site et nos r\u00e9seaux sociaux.<\/p><p data-start=\"2742\" data-end=\"2885\">Contactez le service communication pour nous pr\u00e9senter votre projet et rejoindre cette rubrique d\u00e9di\u00e9e aux talents des Puces du Canal.<\/p>\t\t\t\t\t\t\t\t<\/div>\n\t\t\t\t<\/div>\n\t\t\t\t\t<\/div>\n\t\t\t\t<\/div>\n\t\t\t\t<\/div>","protected":false},"excerpt":{"rendered":"<p>Aux Puces du Canal, chaque boutique, chaque all\u00e9e et chaque objet racontent une histoire.Mais ce qui rend ce lieu unique, ce sont surtout les femmes et les hommes passionn\u00e9s qui y exercent leur savoir-faire, transmettent leur art et partagent leur cr\u00e9ativit\u00e9 avec le public. Deux marchandes talentueuses incarnent parfaitement cet esprit d\u2019authenticit\u00e9 et d\u2019inspiration : [&hellip;]<\/p>","protected":false},"author":2,"featured_media":10132,"parent":5445,"menu_order":0,"comment_status":"closed","ping_status":"closed","template":"","meta":{"_acf_changed":false,"_exactmetrics_skip_tracking":false,"_exactmetrics_sitenote_active":false,"_exactmetrics_sitenote_note":"","_exactmetrics_sitenote_category":0,"footnotes":""},"class_list":["post-11104","page","type-page","status-publish","has-post-thumbnail","hentry"],"acf":[],"aioseo_notices":[],"_links":{"self":[{"href":"https:\/\/www.pucesducanal.com\/en\/wp-json\/wp\/v2\/pages\/11104","targetHints":{"allow":["GET"]}}],"collection":[{"href":"https:\/\/www.pucesducanal.com\/en\/wp-json\/wp\/v2\/pages"}],"about":[{"href":"https:\/\/www.pucesducanal.com\/en\/wp-json\/wp\/v2\/types\/page"}],"author":[{"embeddable":true,"href":"https:\/\/www.pucesducanal.com\/en\/wp-json\/wp\/v2\/users\/2"}],"replies":[{"embeddable":true,"href":"https:\/\/www.pucesducanal.com\/en\/wp-json\/wp\/v2\/comments?post=11104"}],"version-history":[{"count":13,"href":"https:\/\/www.pucesducanal.com\/en\/wp-json\/wp\/v2\/pages\/11104\/revisions"}],"predecessor-version":[{"id":11258,"href":"https:\/\/www.pucesducanal.com\/en\/wp-json\/wp\/v2\/pages\/11104\/revisions\/11258"}],"up":[{"embeddable":true,"href":"https:\/\/www.pucesducanal.com\/en\/wp-json\/wp\/v2\/pages\/5445"}],"wp:featuredmedia":[{"embeddable":true,"href":"https:\/\/www.pucesducanal.com\/en\/wp-json\/wp\/v2\/media\/10132"}],"wp:attachment":[{"href":"https:\/\/www.pucesducanal.com\/en\/wp-json\/wp\/v2\/media?parent=11104"}],"curies":[{"name":"wp","href":"https:\/\/api.w.org\/{rel}","templated":true}]}}