{"id":10540,"date":"2024-10-31T12:34:36","date_gmt":"2024-10-31T11:34:36","guid":{"rendered":"https:\/\/www.pucesducanal.com\/?page_id=10540"},"modified":"2026-01-12T17:49:32","modified_gmt":"2026-01-12T16:49:32","slug":"reservation-pack-week-end","status":"publish","type":"page","link":"https:\/\/www.pucesducanal.com\/en\/reservation-pack-week-end\/","title":{"rendered":"Weekend package at the Puces du Canal"},"content":{"rendered":"<div data-elementor-type=\"wp-page\" data-elementor-id=\"10540\" class=\"elementor elementor-10540\">\n\t\t\t\t<div class=\"elementor-element elementor-element-3efac37 e-flex e-con-boxed e-con e-parent\" data-id=\"3efac37\" data-element_type=\"container\" data-e-type=\"container\">\n\t\t\t\t\t<div class=\"e-con-inner\">\n\t\t\t\t<div class=\"elementor-element elementor-element-72d4611 elementor-widget elementor-widget-heading\" data-id=\"72d4611\" data-element_type=\"widget\" data-e-type=\"widget\" data-widget_type=\"heading.default\">\n\t\t\t\t<div class=\"elementor-widget-container\">\n\t\t\t\t\t<h2 class=\"elementor-heading-title elementor-size-default\">Weekend package at the Puces du Canal<\/h2>\t\t\t\t<\/div>\n\t\t\t\t<\/div>\n\t\t\t\t<div class=\"elementor-element elementor-element-acd1079 elementor-widget elementor-widget-text-editor\" data-id=\"acd1079\" data-element_type=\"widget\" data-e-type=\"widget\" data-widget_type=\"text-editor.default\">\n\t\t\t\t<div class=\"elementor-widget-container\">\n\t\t\t\t\t\t\t\t\tAccommodation, secure parking and easy unpacking in the 2nd largest flea market in France!\t\t\t\t\t\t\t\t<\/div>\n\t\t\t\t<\/div>\n\t\t\t\t<div class=\"elementor-element elementor-element-d5ae697 elementor-widget elementor-widget-text-editor\" data-id=\"d5ae697\" data-element_type=\"widget\" data-e-type=\"widget\" data-widget_type=\"text-editor.default\">\n\t\t\t\t<div class=\"elementor-widget-container\">\n\t\t\t\t\t\t\t\t\t<h3 style=\"text-align: center;\">One-night package <br \/>(saturday night)<\/h3><ul><li>Drop off your vehicle between 5 p.m. and 7 p.m. in the car park between Traboules and Halle Louis la Brocante (access from rue du Canal)<\/li><li>Ibis Budget Villeurbanne Hotel (450m from the entrance to the Puces du Canal) with coffee and croissants in the morning<\/li><li>Unpacking location Saturday and Sunday<ul><li>20m\u00b2 : 90\u20ac<\/li><li>30m\u00b2 : 100\u20ac<\/li><li>40m\u00b2 : 130\u20ac<\/li><\/ul><\/li><\/ul><h3 style=\"text-align: center;\">Two-nights package <br \/>(friday and saturday nights)<\/h3><ul><li>Drop off your vehicle between 5 p.m. and 7 p.m. in the car park between Traboules and Halle Louis la Brocante (access from rue du Canal)<\/li><li>Ibis Budget Villeurbanne Hotel (450m from the entrance to the Puces du Canal) with coffee and croissants in the morning<\/li><li>Unpacking location Saturday and Sunday<ul><li>20m\u00b2 : 130\u20ac<\/li><li>30m\u00b2 : 150\u20ac<\/li><li>40m\u00b2 : 170\u20ac<\/li><\/ul><\/li><\/ul>\t\t\t\t\t\t\t\t<\/div>\n\t\t\t\t<\/div>\n\t\t\t\t<div class=\"elementor-element elementor-element-a20e8f4 elementor-align-center elementor-widget elementor-widget-button\" data-id=\"a20e8f4\" data-element_type=\"widget\" data-e-type=\"widget\" data-widget_type=\"button.default\">\n\t\t\t\t<div class=\"elementor-widget-container\">\n\t\t\t\t\t\t\t\t\t<div class=\"elementor-button-wrapper\">\n\t\t\t\t\t<a class=\"elementor-button elementor-button-link elementor-size-sm\" href=\"https:\/\/yurplan.com\/orga\/Puces-du-Canal-Lyon-Villeurbanne\/3889#\/\">\n\t\t\t\t\t\t<span class=\"elementor-button-content-wrapper\">\n\t\t\t\t\t\t\t\t\t<span class=\"elementor-button-text\">Book on Yurplan<\/span>\n\t\t\t\t\t<\/span>\n\t\t\t\t\t<\/a>\n\t\t\t\t<\/div>\n\t\t\t\t\t\t\t\t<\/div>\n\t\t\t\t<\/div>\n\t\t\t\t<div class=\"elementor-element elementor-element-a74b83d elementor-widget elementor-widget-text-editor\" data-id=\"a74b83d\" data-element_type=\"widget\" data-e-type=\"widget\" data-widget_type=\"text-editor.default\">\n\t\t\t\t<div class=\"elementor-widget-container\">\n\t\t\t\t\t\t\t\t\t<h3>Explore Villeurbanne and Lyon<\/h3><p><span class=\"OYPEnA font-feature-liga-off font-feature-clig-off font-feature-calt-off text-decoration-none text-strikethrough-none\">After unpacking, enjoy the rest of the day to discover the city of Lyon, famous for its cultural and gastronomic heritage.<\/span><\/p>\t\t\t\t\t\t\t\t<\/div>\n\t\t\t\t<\/div>\n\t\t\t\t<div class=\"elementor-element elementor-element-382263e elementor-align-center elementor-widget elementor-widget-button\" data-id=\"382263e\" data-element_type=\"widget\" data-e-type=\"widget\" data-widget_type=\"button.default\">\n\t\t\t\t<div class=\"elementor-widget-container\">\n\t\t\t\t\t\t\t\t\t<div class=\"elementor-button-wrapper\">\n\t\t\t\t\t<a class=\"elementor-button elementor-button-link elementor-size-sm\" href=\"\/wp-content\/uploads\/2024\/10\/Pack-WE-LPDC-a_diffuser.pdf\" target=\"_blank\">\n\t\t\t\t\t\t<span class=\"elementor-button-content-wrapper\">\n\t\t\t\t\t\t\t\t\t<span class=\"elementor-button-text\">Further detail about the week-end package (French only)<\/span>\n\t\t\t\t\t<\/span>\n\t\t\t\t\t<\/a>\n\t\t\t\t<\/div>\n\t\t\t\t\t\t\t\t<\/div>\n\t\t\t\t<\/div>\n\t\t\t\t\t<\/div>\n\t\t\t\t<\/div>\n\t\t<div class=\"elementor-element elementor-element-bfa146e e-flex e-con-boxed e-con e-parent\" data-id=\"bfa146e\" data-element_type=\"container\" data-e-type=\"container\">\n\t\t\t\t\t<div class=\"e-con-inner\">\n\t\t\t\t\t<\/div>\n\t\t\t\t<\/div>\n\t\t\t\t<\/div>","protected":false},"excerpt":{"rendered":"<p>Pack week-end aux Puces du Canal H\u00e9bergement, parking s\u00e9curis\u00e9 et d\u00e9ballage facilit\u00e9 dans le 2\u00e8me plus grand march\u00e9 aux puces de France ! Pack 1 nuit (samedi soir) D\u00e9p\u00f4t du v\u00e9hicule entre 17h et 19h sur le parking entre les Traboules et la Halle Louis la Brocante (acc\u00e8s c\u00f4t\u00e9 rue du Canal) H\u00f4tel Ibis Budget [&hellip;]<\/p>","protected":false},"author":2,"featured_media":10542,"parent":0,"menu_order":0,"comment_status":"closed","ping_status":"closed","template":"","meta":{"_acf_changed":false,"_exactmetrics_skip_tracking":false,"_exactmetrics_sitenote_active":false,"_exactmetrics_sitenote_note":"","_exactmetrics_sitenote_category":0,"footnotes":""},"class_list":["post-10540","page","type-page","status-publish","has-post-thumbnail","hentry"],"acf":[],"aioseo_notices":[],"_links":{"self":[{"href":"https:\/\/www.pucesducanal.com\/en\/wp-json\/wp\/v2\/pages\/10540","targetHints":{"allow":["GET"]}}],"collection":[{"href":"https:\/\/www.pucesducanal.com\/en\/wp-json\/wp\/v2\/pages"}],"about":[{"href":"https:\/\/www.pucesducanal.com\/en\/wp-json\/wp\/v2\/types\/page"}],"author":[{"embeddable":true,"href":"https:\/\/www.pucesducanal.com\/en\/wp-json\/wp\/v2\/users\/2"}],"replies":[{"embeddable":true,"href":"https:\/\/www.pucesducanal.com\/en\/wp-json\/wp\/v2\/comments?post=10540"}],"version-history":[{"count":8,"href":"https:\/\/www.pucesducanal.com\/en\/wp-json\/wp\/v2\/pages\/10540\/revisions"}],"predecessor-version":[{"id":11226,"href":"https:\/\/www.pucesducanal.com\/en\/wp-json\/wp\/v2\/pages\/10540\/revisions\/11226"}],"wp:featuredmedia":[{"embeddable":true,"href":"https:\/\/www.pucesducanal.com\/en\/wp-json\/wp\/v2\/media\/10542"}],"wp:attachment":[{"href":"https:\/\/www.pucesducanal.com\/en\/wp-json\/wp\/v2\/media?parent=10540"}],"curies":[{"name":"wp","href":"https:\/\/api.w.org\/{rel}","templated":true}]}}